{"id":3080,"date":"2021-10-01T19:50:06","date_gmt":"2021-10-01T19:50:06","guid":{"rendered":"https:\/\/mformas3d.com.br\/site\/?post_type=product&#038;p=3080"},"modified":"2024-02-22T20:16:06","modified_gmt":"2024-02-22T20:16:06","slug":"engrenagem-48-dentes-para-linha-vending-machini-bianchi-kiko","status":"publish","type":"product","link":"https:\/\/mformas3d.com.br\/site\/produto\/engrenagem-48-dentes-para-linha-vending-machini-bianchi-kiko\/","title":{"rendered":"Engrenagem 48 Dentes Para Linha Vending Machini Bianchi Kiko"},"content":{"rendered":"<p><span style=\"color: #000000;\">Engrenagem 48 Dentes Para Linha Vending Machini Bianchi Kiko<\/span><\/p>\n","protected":false},"excerpt":{"rendered":"<p><span style=\"color: #000000;\">Engrenagem 48 Dentes Para Linha Vending Machini Bianchi Kiko.<\/span><\/p>\n<p><span style=\"color: #000000;\">Pe\u00e7a com bom acabamento \u00f3tima qualidade e encaixe perfeito id\u00eantica a original .<\/span><br \/>\n<span style=\"color: #000000;\">Temos mais pe\u00e7as para este seguimento<\/span>.<\/p>\n","protected":false},"featured_media":3082,"comment_status":"open","ping_status":"closed","template":"","meta":{"site-sidebar-layout":"default","site-content-layout":"default","ast-global-header-display":"","ast-main-header-display":"","ast-hfb-above-header-display":"","ast-hfb-below-header-display":"","ast-hfb-mobile-header-display":"","site-post-title":"","ast-breadcrumbs-content":"","ast-featured-img":"","footer-sml-layout":"","theme-transparent-header-meta":"default","adv-header-id-meta":"","stick-header-meta":"","header-above-stick-meta":"","header-main-stick-meta":"","header-below-stick-meta":""},"product_brand":[],"product_cat":[34],"product_tag":[55,53,54],"class_list":{"0":"post-3080","1":"product","2":"type-product","3":"status-publish","4":"has-post-thumbnail","6":"product_cat-pecas-para-maquinas-cafe","7":"product_tag-acessorios-para-maquina-decafe","8":"product_tag-engrenagem-48-dentes","9":"product_tag-engrenagem-para-maquina-de-cafe","10":"desktop-align-left","11":"tablet-align-left","12":"mobile-align-left","14":"first","15":"instock","16":"taxable","17":"shipping-taxable","18":"purchasable","19":"product-type-simple"},"_links":{"self":[{"href":"https:\/\/mformas3d.com.br\/site\/wp-json\/wp\/v2\/product\/3080","targetHints":{"allow":["GET"]}}],"collection":[{"href":"https:\/\/mformas3d.com.br\/site\/wp-json\/wp\/v2\/product"}],"about":[{"href":"https:\/\/mformas3d.com.br\/site\/wp-json\/wp\/v2\/types\/product"}],"replies":[{"embeddable":true,"href":"https:\/\/mformas3d.com.br\/site\/wp-json\/wp\/v2\/comments?post=3080"}],"version-history":[{"count":3,"href":"https:\/\/mformas3d.com.br\/site\/wp-json\/wp\/v2\/product\/3080\/revisions"}],"predecessor-version":[{"id":3084,"href":"https:\/\/mformas3d.com.br\/site\/wp-json\/wp\/v2\/product\/3080\/revisions\/3084"}],"wp:featuredmedia":[{"embeddable":true,"href":"https:\/\/mformas3d.com.br\/site\/wp-json\/wp\/v2\/media\/3082"}],"wp:attachment":[{"href":"https:\/\/mformas3d.com.br\/site\/wp-json\/wp\/v2\/media?parent=3080"}],"wp:term":[{"taxonomy":"product_brand","embeddable":true,"href":"https:\/\/mformas3d.com.br\/site\/wp-json\/wp\/v2\/product_brand?post=3080"},{"taxonomy":"product_cat","embeddable":true,"href":"https:\/\/mformas3d.com.br\/site\/wp-json\/wp\/v2\/product_cat?post=3080"},{"taxonomy":"product_tag","embeddable":true,"href":"https:\/\/mformas3d.com.br\/site\/wp-json\/wp\/v2\/product_tag?post=3080"}],"curies":[{"name":"wp","href":"https:\/\/api.w.org\/{rel}","templated":true}]}}