{"id":3098,"date":"2021-10-01T22:09:41","date_gmt":"2021-10-01T22:09:41","guid":{"rendered":"https:\/\/mformas3d.com.br\/site\/?post_type=product&#038;p=3098"},"modified":"2024-01-02T22:02:15","modified_gmt":"2024-01-02T22:02:15","slug":"chave-para-maquina-de-cafe-vending-machine","status":"publish","type":"product","link":"https:\/\/mformas3d.com.br\/site\/produto\/chave-para-maquina-de-cafe-vending-machine\/","title":{"rendered":"Chave para maquina de cafe Vending Machine"},"content":{"rendered":"<p>Chave para maquina de cafe Vending Machine<\/p>\n<p>&nbsp;<\/p>\n","protected":false},"excerpt":{"rendered":"<p>Pe\u00e7a de \u00f3timo acabamento id\u00eantica a original e encaixe perfeito.<\/p>\n<p>Para deixar a maquina funcionando com a porta aberta.<\/p>\n<p>Disponibilidade nas cores: vermelha, preta e grafite<\/p>\n<p>&nbsp;<\/p>\n","protected":false},"featured_media":3099,"comment_status":"open","ping_status":"closed","template":"","meta":{"site-sidebar-layout":"default","site-content-layout":"default","ast-global-header-display":"","ast-main-header-display":"","ast-hfb-above-header-display":"","ast-hfb-below-header-display":"","ast-hfb-mobile-header-display":"","site-post-title":"","ast-breadcrumbs-content":"","ast-featured-img":"","footer-sml-layout":"","theme-transparent-header-meta":"default","adv-header-id-meta":"","stick-header-meta":"","header-above-stick-meta":"","header-main-stick-meta":"","header-below-stick-meta":""},"product_brand":[],"product_cat":[34],"product_tag":[62,63,61],"class_list":{"0":"post-3098","1":"product","2":"type-product","3":"status-publish","4":"has-post-thumbnail","6":"product_cat-pecas-para-maquinas-cafe","7":"product_tag-acessorios-para-maquina-de-cafe-vending-machine","8":"product_tag-chave-de-maquina-de-cafe","9":"product_tag-chave-para-maquina-de-cafe","10":"desktop-align-left","11":"tablet-align-left","12":"mobile-align-left","14":"first","15":"instock","16":"taxable","17":"shipping-taxable","18":"purchasable","19":"product-type-simple"},"_links":{"self":[{"href":"https:\/\/mformas3d.com.br\/site\/wp-json\/wp\/v2\/product\/3098","targetHints":{"allow":["GET"]}}],"collection":[{"href":"https:\/\/mformas3d.com.br\/site\/wp-json\/wp\/v2\/product"}],"about":[{"href":"https:\/\/mformas3d.com.br\/site\/wp-json\/wp\/v2\/types\/product"}],"replies":[{"embeddable":true,"href":"https:\/\/mformas3d.com.br\/site\/wp-json\/wp\/v2\/comments?post=3098"}],"version-history":[{"count":3,"href":"https:\/\/mformas3d.com.br\/site\/wp-json\/wp\/v2\/product\/3098\/revisions"}],"predecessor-version":[{"id":3217,"href":"https:\/\/mformas3d.com.br\/site\/wp-json\/wp\/v2\/product\/3098\/revisions\/3217"}],"wp:featuredmedia":[{"embeddable":true,"href":"https:\/\/mformas3d.com.br\/site\/wp-json\/wp\/v2\/media\/3099"}],"wp:attachment":[{"href":"https:\/\/mformas3d.com.br\/site\/wp-json\/wp\/v2\/media?parent=3098"}],"wp:term":[{"taxonomy":"product_brand","embeddable":true,"href":"https:\/\/mformas3d.com.br\/site\/wp-json\/wp\/v2\/product_brand?post=3098"},{"taxonomy":"product_cat","embeddable":true,"href":"https:\/\/mformas3d.com.br\/site\/wp-json\/wp\/v2\/product_cat?post=3098"},{"taxonomy":"product_tag","embeddable":true,"href":"https:\/\/mformas3d.com.br\/site\/wp-json\/wp\/v2\/product_tag?post=3098"}],"curies":[{"name":"wp","href":"https:\/\/api.w.org\/{rel}","templated":true}]}}