{"id":3108,"date":"2021-10-03T18:46:22","date_gmt":"2021-10-03T18:46:22","guid":{"rendered":"https:\/\/mformas3d.com.br\/site\/?post_type=product&#038;p=3108"},"modified":"2024-08-29T15:06:32","modified_gmt":"2024-08-29T15:06:32","slug":"botao-liga-e-desliga-da-cafeteira-viena-plus","status":"publish","type":"product","link":"https:\/\/mformas3d.com.br\/site\/produto\/botao-liga-e-desliga-da-cafeteira-viena-plus\/","title":{"rendered":"Bot\u00e3o de acionamento cafeteira Saeco Viena Plus"},"content":{"rendered":"<p>Bot\u00e3o liga e desliga da cafeteira Viena Plus<\/p>\n<p>&nbsp;<\/p>\n","protected":false},"excerpt":{"rendered":"<p>Bot\u00e3o liga e desliga da cafeteira Viena Plus<\/p>\n<p>Pe\u00e7a feita em 3D com bom acabamento id\u00eantica a original e encaixe perfeito. Temos mais pe\u00e7as do seguimento.<\/p>\n","protected":false},"featured_media":3269,"comment_status":"open","ping_status":"closed","template":"","meta":{"site-sidebar-layout":"default","site-content-layout":"default","ast-global-header-display":"","ast-main-header-display":"","ast-hfb-above-header-display":"","ast-hfb-below-header-display":"","ast-hfb-mobile-header-display":"","site-post-title":"","ast-breadcrumbs-content":"","ast-featured-img":"","footer-sml-layout":"","theme-transparent-header-meta":"default","adv-header-id-meta":"","stick-header-meta":"","header-above-stick-meta":"","header-main-stick-meta":"","header-below-stick-meta":""},"product_brand":[],"product_cat":[34],"product_tag":[66,65,64,67],"class_list":{"0":"post-3108","1":"product","2":"type-product","3":"status-publish","4":"has-post-thumbnail","6":"product_cat-pecas-para-maquinas-cafe","7":"product_tag-acessorios-para-maquina-de-cafe-viena","8":"product_tag-acessorios-viena-plus","9":"product_tag-botao-liga-e-desliga-viena-plus","10":"product_tag-pecas-para-maquina-viena-plus","11":"desktop-align-left","12":"tablet-align-left","13":"mobile-align-left","15":"first","16":"instock","17":"taxable","18":"shipping-taxable","19":"purchasable","20":"product-type-simple"},"_links":{"self":[{"href":"https:\/\/mformas3d.com.br\/site\/wp-json\/wp\/v2\/product\/3108","targetHints":{"allow":["GET"]}}],"collection":[{"href":"https:\/\/mformas3d.com.br\/site\/wp-json\/wp\/v2\/product"}],"about":[{"href":"https:\/\/mformas3d.com.br\/site\/wp-json\/wp\/v2\/types\/product"}],"replies":[{"embeddable":true,"href":"https:\/\/mformas3d.com.br\/site\/wp-json\/wp\/v2\/comments?post=3108"}],"version-history":[{"count":2,"href":"https:\/\/mformas3d.com.br\/site\/wp-json\/wp\/v2\/product\/3108\/revisions"}],"predecessor-version":[{"id":3271,"href":"https:\/\/mformas3d.com.br\/site\/wp-json\/wp\/v2\/product\/3108\/revisions\/3271"}],"wp:featuredmedia":[{"embeddable":true,"href":"https:\/\/mformas3d.com.br\/site\/wp-json\/wp\/v2\/media\/3269"}],"wp:attachment":[{"href":"https:\/\/mformas3d.com.br\/site\/wp-json\/wp\/v2\/media?parent=3108"}],"wp:term":[{"taxonomy":"product_brand","embeddable":true,"href":"https:\/\/mformas3d.com.br\/site\/wp-json\/wp\/v2\/product_brand?post=3108"},{"taxonomy":"product_cat","embeddable":true,"href":"https:\/\/mformas3d.com.br\/site\/wp-json\/wp\/v2\/product_cat?post=3108"},{"taxonomy":"product_tag","embeddable":true,"href":"https:\/\/mformas3d.com.br\/site\/wp-json\/wp\/v2\/product_tag?post=3108"}],"curies":[{"name":"wp","href":"https:\/\/api.w.org\/{rel}","templated":true}]}}