{"id":3113,"date":"2021-10-03T19:00:07","date_gmt":"2021-10-03T19:00:07","guid":{"rendered":"https:\/\/mformas3d.com.br\/site\/?post_type=product&#038;p=3113"},"modified":"2024-01-02T22:02:15","modified_gmt":"2024-01-02T22:02:15","slug":"botao-lateral-para-regulagem-de-vapor-vienna-plus-saeco","status":"publish","type":"product","link":"https:\/\/mformas3d.com.br\/site\/produto\/botao-lateral-para-regulagem-de-vapor-vienna-plus-saeco\/","title":{"rendered":"Man\u00edpulo Lateral Para Regulagem De Vapor Vienna Plus Saeco"},"content":{"rendered":"<p class=\"ui-pdp-title\">Man\u00edpulo Lateral Para Regulagem De Vapor Vienna Plus Saeco<\/p>\n","protected":false},"excerpt":{"rendered":"<p class=\"ui-pdp-title\">Man\u00edpulo Lateral Para Regulagem De Vapor Vienna Plus Saeco<\/p>\n<p>Pe\u00e7a de \u00f3tima qualidade id\u00eantica a original<br \/>\ne com encaixe perfeito. Feita em 3D<\/p>\n","protected":false},"featured_media":3282,"comment_status":"open","ping_status":"closed","template":"","meta":{"site-sidebar-layout":"default","site-content-layout":"default","ast-global-header-display":"","ast-main-header-display":"","ast-hfb-above-header-display":"","ast-hfb-below-header-display":"","ast-hfb-mobile-header-display":"","site-post-title":"","ast-breadcrumbs-content":"","ast-featured-img":"","footer-sml-layout":"","theme-transparent-header-meta":"default","adv-header-id-meta":"","stick-header-meta":"","header-above-stick-meta":"","header-main-stick-meta":"","header-below-stick-meta":""},"product_brand":[],"product_cat":[34],"product_tag":[70,69,68,72,71],"class_list":{"0":"post-3113","1":"product","2":"type-product","3":"status-publish","4":"has-post-thumbnail","6":"product_cat-pecas-para-maquinas-cafe","7":"product_tag-acessorios-para-maquina-de-cafe-viena-plus-saeco","8":"product_tag-acessorios-vienna-plus","9":"product_tag-botao-de-regulagem-de-vapor","10":"product_tag-botao-lateral-saeco-viena-plus","11":"product_tag-pecas-para-maquina-de-cafe-saeco-viena-plus","12":"desktop-align-left","13":"tablet-align-left","14":"mobile-align-left","16":"first","17":"instock","18":"taxable","19":"shipping-taxable","20":"purchasable","21":"product-type-simple"},"_links":{"self":[{"href":"https:\/\/mformas3d.com.br\/site\/wp-json\/wp\/v2\/product\/3113","targetHints":{"allow":["GET"]}}],"collection":[{"href":"https:\/\/mformas3d.com.br\/site\/wp-json\/wp\/v2\/product"}],"about":[{"href":"https:\/\/mformas3d.com.br\/site\/wp-json\/wp\/v2\/types\/product"}],"replies":[{"embeddable":true,"href":"https:\/\/mformas3d.com.br\/site\/wp-json\/wp\/v2\/comments?post=3113"}],"version-history":[{"count":3,"href":"https:\/\/mformas3d.com.br\/site\/wp-json\/wp\/v2\/product\/3113\/revisions"}],"predecessor-version":[{"id":3285,"href":"https:\/\/mformas3d.com.br\/site\/wp-json\/wp\/v2\/product\/3113\/revisions\/3285"}],"wp:featuredmedia":[{"embeddable":true,"href":"https:\/\/mformas3d.com.br\/site\/wp-json\/wp\/v2\/media\/3282"}],"wp:attachment":[{"href":"https:\/\/mformas3d.com.br\/site\/wp-json\/wp\/v2\/media?parent=3113"}],"wp:term":[{"taxonomy":"product_brand","embeddable":true,"href":"https:\/\/mformas3d.com.br\/site\/wp-json\/wp\/v2\/product_brand?post=3113"},{"taxonomy":"product_cat","embeddable":true,"href":"https:\/\/mformas3d.com.br\/site\/wp-json\/wp\/v2\/product_cat?post=3113"},{"taxonomy":"product_tag","embeddable":true,"href":"https:\/\/mformas3d.com.br\/site\/wp-json\/wp\/v2\/product_tag?post=3113"}],"curies":[{"name":"wp","href":"https:\/\/api.w.org\/{rel}","templated":true}]}}