{"id":3127,"date":"2021-10-03T19:42:13","date_gmt":"2021-10-03T19:42:13","guid":{"rendered":"https:\/\/mformas3d.com.br\/site\/?post_type=product&#038;p=3127"},"modified":"2024-01-02T22:02:15","modified_gmt":"2024-01-02T22:02:15","slug":"engate-do-grupo-para-maquinas-de-cafe-vending-machine","status":"publish","type":"product","link":"https:\/\/mformas3d.com.br\/site\/produto\/engate-do-grupo-para-maquinas-de-cafe-vending-machine\/","title":{"rendered":"Engate Do Grupo Para Maquinas De Caf\u00e9 Vending Machine"},"content":{"rendered":"<p class=\"ui-pdp-title\">Engate Do Grupo Para Maquinas De Caf\u00e9 Vending Machine<\/p>\n","protected":false},"excerpt":{"rendered":"<p class=\"ui-pdp-title\">Engate Do Grupo Para Maquinas De Caf\u00e9 Vending Machine<\/p>\n<p>Pe\u00e7a de bom acabamento id\u00eantica a original com encaixe perfeito e \u00f3tima qualidade.<\/p>\n","protected":false},"featured_media":3131,"comment_status":"open","ping_status":"closed","template":"","meta":{"site-sidebar-layout":"default","site-content-layout":"default","ast-global-header-display":"","ast-main-header-display":"","ast-hfb-above-header-display":"","ast-hfb-below-header-display":"","ast-hfb-mobile-header-display":"","site-post-title":"","ast-breadcrumbs-content":"","ast-featured-img":"","footer-sml-layout":"","theme-transparent-header-meta":"default","adv-header-id-meta":"","stick-header-meta":"","header-above-stick-meta":"","header-main-stick-meta":"","header-below-stick-meta":""},"product_brand":[],"product_cat":[34],"product_tag":[77,78,76],"class_list":{"0":"post-3127","1":"product","2":"type-product","3":"status-publish","4":"has-post-thumbnail","6":"product_cat-pecas-para-maquinas-cafe","7":"product_tag-acessorios-para-maquina-de-cafevending-machine","8":"product_tag-engate-do-grupo-para-maquina-de-cafe","9":"product_tag-engate-do-grupo-para-maquina-de-cafe-vending-machine","10":"desktop-align-left","11":"tablet-align-left","12":"mobile-align-left","14":"first","15":"instock","16":"taxable","17":"shipping-taxable","18":"purchasable","19":"product-type-simple"},"_links":{"self":[{"href":"https:\/\/mformas3d.com.br\/site\/wp-json\/wp\/v2\/product\/3127","targetHints":{"allow":["GET"]}}],"collection":[{"href":"https:\/\/mformas3d.com.br\/site\/wp-json\/wp\/v2\/product"}],"about":[{"href":"https:\/\/mformas3d.com.br\/site\/wp-json\/wp\/v2\/types\/product"}],"replies":[{"embeddable":true,"href":"https:\/\/mformas3d.com.br\/site\/wp-json\/wp\/v2\/comments?post=3127"}],"version-history":[{"count":3,"href":"https:\/\/mformas3d.com.br\/site\/wp-json\/wp\/v2\/product\/3127\/revisions"}],"predecessor-version":[{"id":3411,"href":"https:\/\/mformas3d.com.br\/site\/wp-json\/wp\/v2\/product\/3127\/revisions\/3411"}],"wp:featuredmedia":[{"embeddable":true,"href":"https:\/\/mformas3d.com.br\/site\/wp-json\/wp\/v2\/media\/3131"}],"wp:attachment":[{"href":"https:\/\/mformas3d.com.br\/site\/wp-json\/wp\/v2\/media?parent=3127"}],"wp:term":[{"taxonomy":"product_brand","embeddable":true,"href":"https:\/\/mformas3d.com.br\/site\/wp-json\/wp\/v2\/product_brand?post=3127"},{"taxonomy":"product_cat","embeddable":true,"href":"https:\/\/mformas3d.com.br\/site\/wp-json\/wp\/v2\/product_cat?post=3127"},{"taxonomy":"product_tag","embeddable":true,"href":"https:\/\/mformas3d.com.br\/site\/wp-json\/wp\/v2\/product_tag?post=3127"}],"curies":[{"name":"wp","href":"https:\/\/api.w.org\/{rel}","templated":true}]}}