{"id":3179,"date":"2021-10-06T20:00:42","date_gmt":"2021-10-06T20:00:42","guid":{"rendered":"https:\/\/mformas3d.com.br\/site\/?post_type=product&#038;p=3179"},"modified":"2024-01-02T22:02:14","modified_gmt":"2024-01-02T22:02:14","slug":"rosca-de-transporte-para-projetos-diversos","status":"publish","type":"product","link":"https:\/\/mformas3d.com.br\/site\/produto\/rosca-de-transporte-para-projetos-diversos\/","title":{"rendered":"Rosca de transporte para projetos diversos"},"content":{"rendered":"<p class=\"ui-pdp-title\">Rosca de transporte para projetos diversos<\/p>\n","protected":false},"excerpt":{"rendered":"<p>Rosca para transporte de projetos diversos<\/p>\n<p>Pe\u00e7a ideal para projetos leves que n\u00e3o exija muito esfor\u00e7o feita em impress\u00e3o 3D.<br \/>\nRosca com di\u00e2metro de 37mm para canos de 40mm entra sem folga.<br \/>\nEste do anuncio \u00e9 direita tamb\u00e9m temos a esquerda.<\/p>\n<p>DI\u00c2METRO = 37MM<br \/>\nPASSO = 35MM<br \/>\nCOMPRIMENTO = 230MM<br \/>\nESPESSURA DO FILETE DA ROSCA = 5MM<br \/>\nROSCA NO DI\u00c2METETRO DE 20MM = M8X1.25 E PROFUNDIDADE DE 20MM<\/p>\n","protected":false},"featured_media":3227,"comment_status":"open","ping_status":"closed","template":"","meta":{"site-sidebar-layout":"default","site-content-layout":"default","ast-global-header-display":"","ast-main-header-display":"","ast-hfb-above-header-display":"","ast-hfb-below-header-display":"","ast-hfb-mobile-header-display":"","site-post-title":"","ast-breadcrumbs-content":"","ast-featured-img":"","footer-sml-layout":"","theme-transparent-header-meta":"default","adv-header-id-meta":"","stick-header-meta":"","header-above-stick-meta":"","header-main-stick-meta":"","header-below-stick-meta":""},"product_brand":[],"product_cat":[141],"product_tag":[110,109,107,108,113],"class_list":{"0":"post-3179","1":"product","2":"type-product","3":"status-publish","4":"has-post-thumbnail","6":"product_cat-roscas-sem-fim","7":"product_tag-peca-3d","8":"product_tag-rosca","9":"product_tag-rosca-sem-fim","10":"product_tag-rosca-sem-fim-para-projetos-diversos","11":"product_tag-rosca-sem-fim-passo-de-35mm","12":"pa_tamanho-passo-de-35mm","13":"pa_tamanho-passo-de-55mm","14":"desktop-align-left","15":"tablet-align-left","16":"mobile-align-left","18":"first","19":"outofstock","20":"taxable","21":"shipping-taxable","22":"purchasable","23":"product-type-simple"},"_links":{"self":[{"href":"https:\/\/mformas3d.com.br\/site\/wp-json\/wp\/v2\/product\/3179","targetHints":{"allow":["GET"]}}],"collection":[{"href":"https:\/\/mformas3d.com.br\/site\/wp-json\/wp\/v2\/product"}],"about":[{"href":"https:\/\/mformas3d.com.br\/site\/wp-json\/wp\/v2\/types\/product"}],"replies":[{"embeddable":true,"href":"https:\/\/mformas3d.com.br\/site\/wp-json\/wp\/v2\/comments?post=3179"}],"version-history":[{"count":2,"href":"https:\/\/mformas3d.com.br\/site\/wp-json\/wp\/v2\/product\/3179\/revisions"}],"predecessor-version":[{"id":3727,"href":"https:\/\/mformas3d.com.br\/site\/wp-json\/wp\/v2\/product\/3179\/revisions\/3727"}],"wp:featuredmedia":[{"embeddable":true,"href":"https:\/\/mformas3d.com.br\/site\/wp-json\/wp\/v2\/media\/3227"}],"wp:attachment":[{"href":"https:\/\/mformas3d.com.br\/site\/wp-json\/wp\/v2\/media?parent=3179"}],"wp:term":[{"taxonomy":"product_brand","embeddable":true,"href":"https:\/\/mformas3d.com.br\/site\/wp-json\/wp\/v2\/product_brand?post=3179"},{"taxonomy":"product_cat","embeddable":true,"href":"https:\/\/mformas3d.com.br\/site\/wp-json\/wp\/v2\/product_cat?post=3179"},{"taxonomy":"product_tag","embeddable":true,"href":"https:\/\/mformas3d.com.br\/site\/wp-json\/wp\/v2\/product_tag?post=3179"}],"curies":[{"name":"wp","href":"https:\/\/api.w.org\/{rel}","templated":true}]}}