{"id":3183,"date":"2021-10-04T19:02:23","date_gmt":"2021-10-04T19:02:23","guid":{"rendered":"https:\/\/mformas3d.com.br\/site\/?post_type=product&#038;p=3183"},"modified":"2024-01-02T22:02:15","modified_gmt":"2024-01-02T22:02:15","slug":"rosca-para-transporte-de-maquina-de-cafe-vending-machine","status":"publish","type":"product","link":"https:\/\/mformas3d.com.br\/site\/produto\/rosca-para-transporte-de-maquina-de-cafe-vending-machine\/","title":{"rendered":"Rosca para transporte de maquina de cafe Vending Machine"},"content":{"rendered":"<p class=\"ui-pdp-title\">Rosca para transporte da maquinas de cafe Vending Machine<\/p>\n","protected":false},"excerpt":{"rendered":"<p>Rosca para transporte da maquinas de cafe Vending Machine<\/p>\n<p>Pe\u00e7a id\u00eantica a original de bom acabamento e encaixe perfeito, feita de material n\u00e3o t\u00f3xico ideal para alimentos. Feita em 3D<br \/>\nCOD: 098609&#8212;098608\u00a0 produto novo<\/p>\n","protected":false},"featured_media":3185,"comment_status":"open","ping_status":"closed","template":"","meta":{"site-sidebar-layout":"default","site-content-layout":"default","ast-global-header-display":"","ast-main-header-display":"","ast-hfb-above-header-display":"","ast-hfb-below-header-display":"","ast-hfb-mobile-header-display":"","site-post-title":"","ast-breadcrumbs-content":"","ast-featured-img":"","footer-sml-layout":"","theme-transparent-header-meta":"default","adv-header-id-meta":"","stick-header-meta":"","header-above-stick-meta":"","header-main-stick-meta":"","header-below-stick-meta":""},"product_brand":[],"product_cat":[34],"product_tag":[100,101,99,98],"class_list":{"0":"post-3183","1":"product","2":"type-product","3":"status-publish","4":"has-post-thumbnail","6":"product_cat-pecas-para-maquinas-cafe","7":"product_tag-acessorios-vending-machine","8":"product_tag-pecas-para-maquina-vending-machine","9":"product_tag-rosca-para-maquina-de-cafe","10":"product_tag-rosca-para-transporte","11":"desktop-align-left","12":"tablet-align-left","13":"mobile-align-left","15":"first","16":"instock","17":"taxable","18":"shipping-taxable","19":"purchasable","20":"product-type-simple"},"_links":{"self":[{"href":"https:\/\/mformas3d.com.br\/site\/wp-json\/wp\/v2\/product\/3183","targetHints":{"allow":["GET"]}}],"collection":[{"href":"https:\/\/mformas3d.com.br\/site\/wp-json\/wp\/v2\/product"}],"about":[{"href":"https:\/\/mformas3d.com.br\/site\/wp-json\/wp\/v2\/types\/product"}],"replies":[{"embeddable":true,"href":"https:\/\/mformas3d.com.br\/site\/wp-json\/wp\/v2\/comments?post=3183"}],"version-history":[{"count":1,"href":"https:\/\/mformas3d.com.br\/site\/wp-json\/wp\/v2\/product\/3183\/revisions"}],"predecessor-version":[{"id":3186,"href":"https:\/\/mformas3d.com.br\/site\/wp-json\/wp\/v2\/product\/3183\/revisions\/3186"}],"wp:featuredmedia":[{"embeddable":true,"href":"https:\/\/mformas3d.com.br\/site\/wp-json\/wp\/v2\/media\/3185"}],"wp:attachment":[{"href":"https:\/\/mformas3d.com.br\/site\/wp-json\/wp\/v2\/media?parent=3183"}],"wp:term":[{"taxonomy":"product_brand","embeddable":true,"href":"https:\/\/mformas3d.com.br\/site\/wp-json\/wp\/v2\/product_brand?post=3183"},{"taxonomy":"product_cat","embeddable":true,"href":"https:\/\/mformas3d.com.br\/site\/wp-json\/wp\/v2\/product_cat?post=3183"},{"taxonomy":"product_tag","embeddable":true,"href":"https:\/\/mformas3d.com.br\/site\/wp-json\/wp\/v2\/product_tag?post=3183"}],"curies":[{"name":"wp","href":"https:\/\/api.w.org\/{rel}","templated":true}]}}