{"id":3187,"date":"2021-10-04T19:19:37","date_gmt":"2021-10-04T19:19:37","guid":{"rendered":"https:\/\/mformas3d.com.br\/site\/?post_type=product&#038;p=3187"},"modified":"2024-06-20T13:35:40","modified_gmt":"2024-06-20T13:35:40","slug":"engrenagem-10-dentes-para-maquina-cafe-inha-bianchi","status":"publish","type":"product","link":"https:\/\/mformas3d.com.br\/site\/produto\/engrenagem-10-dentes-para-maquina-cafe-inha-bianchi\/","title":{"rendered":"Engrenagem 10 dentes para maquina caf\u00e9 inha Bianchi"},"content":{"rendered":"<p>Engrenagem 10 dentes para maquina caf\u00e9 inha Bianchi<\/p>\n<p>&nbsp;<\/p>\n","protected":false},"excerpt":{"rendered":"<p>Engrenagem 10 dentes para maquina caf\u00e9 linha Bianchi<\/p>\n<p>Engrenagem id\u00eantica a original de bom acabamento e \u00f3tima qualidade feita de material renov\u00e1vel com sextavado para encaixe de 6mm.\u00a0 Temos mais pe\u00e7as para o seguimento de maquinas de caf\u00e9.<\/p>\n<p><span style=\"color: #ff0000;\"><b>Valor da unidade<\/b><\/span><\/p>\n","protected":false},"featured_media":3188,"comment_status":"open","ping_status":"closed","template":"","meta":{"site-sidebar-layout":"default","site-content-layout":"default","ast-global-header-display":"","ast-main-header-display":"","ast-hfb-above-header-display":"","ast-hfb-below-header-display":"","ast-hfb-mobile-header-display":"","site-post-title":"","ast-breadcrumbs-content":"","ast-featured-img":"","footer-sml-layout":"","theme-transparent-header-meta":"default","adv-header-id-meta":"","stick-header-meta":"","header-above-stick-meta":"","header-main-stick-meta":"","header-below-stick-meta":""},"product_brand":[],"product_cat":[34],"product_tag":[52,104,102,103,37],"class_list":{"0":"post-3187","1":"product","2":"type-product","3":"status-publish","4":"has-post-thumbnail","6":"product_cat-pecas-para-maquinas-cafe","7":"product_tag-acessorios-para-maquina-de-cafe","8":"product_tag-acessorios-para-maquina-linha-bianchi","9":"product_tag-engrenagem-dez-dentes-para-maquina-de-cafe","10":"product_tag-engrenagens","11":"product_tag-pecas-para-maquina-de-cafe","12":"desktop-align-left","13":"tablet-align-left","14":"mobile-align-left","16":"first","17":"instock","18":"taxable","19":"shipping-taxable","20":"purchasable","21":"product-type-simple"},"_links":{"self":[{"href":"https:\/\/mformas3d.com.br\/site\/wp-json\/wp\/v2\/product\/3187","targetHints":{"allow":["GET"]}}],"collection":[{"href":"https:\/\/mformas3d.com.br\/site\/wp-json\/wp\/v2\/product"}],"about":[{"href":"https:\/\/mformas3d.com.br\/site\/wp-json\/wp\/v2\/types\/product"}],"replies":[{"embeddable":true,"href":"https:\/\/mformas3d.com.br\/site\/wp-json\/wp\/v2\/comments?post=3187"}],"version-history":[{"count":3,"href":"https:\/\/mformas3d.com.br\/site\/wp-json\/wp\/v2\/product\/3187\/revisions"}],"predecessor-version":[{"id":3215,"href":"https:\/\/mformas3d.com.br\/site\/wp-json\/wp\/v2\/product\/3187\/revisions\/3215"}],"wp:featuredmedia":[{"embeddable":true,"href":"https:\/\/mformas3d.com.br\/site\/wp-json\/wp\/v2\/media\/3188"}],"wp:attachment":[{"href":"https:\/\/mformas3d.com.br\/site\/wp-json\/wp\/v2\/media?parent=3187"}],"wp:term":[{"taxonomy":"product_brand","embeddable":true,"href":"https:\/\/mformas3d.com.br\/site\/wp-json\/wp\/v2\/product_brand?post=3187"},{"taxonomy":"product_cat","embeddable":true,"href":"https:\/\/mformas3d.com.br\/site\/wp-json\/wp\/v2\/product_cat?post=3187"},{"taxonomy":"product_tag","embeddable":true,"href":"https:\/\/mformas3d.com.br\/site\/wp-json\/wp\/v2\/product_tag?post=3187"}],"curies":[{"name":"wp","href":"https:\/\/api.w.org\/{rel}","templated":true}]}}