{"id":3243,"date":"2021-10-06T21:27:15","date_gmt":"2021-10-06T21:27:15","guid":{"rendered":"https:\/\/mformas3d.com.br\/site\/?post_type=product&#038;p=3243"},"modified":"2024-01-02T22:02:14","modified_gmt":"2024-01-02T22:02:14","slug":"rosca-sem-fim-para-transportes-de-produtos-diversos","status":"publish","type":"product","link":"https:\/\/mformas3d.com.br\/site\/produto\/rosca-sem-fim-para-transportes-de-produtos-diversos\/","title":{"rendered":"Rosca  sem fim para transportes de produtos diversos"},"content":{"rendered":"<p>Rosca sem fim para transportes de produtos diversos<\/p>\n","protected":false},"excerpt":{"rendered":"<p>Rosca sem fim para transportes de produtos diversos.<\/p>\n<p>Pe\u00e7a ideal para projetos diversos, j\u00e1 ajustada para cano de 40mm feita em impress\u00e3o 3d.<br \/>\nRosca com di\u00e2metro de 37mm para canos de 40mm entra sem folga.<br \/>\nEsta do anuncio e direita tamb\u00e9m tenho a esquerda.<\/p>\n<p>DI\u00c2METRO = 37MM<br \/>\nPASSO = 55MM<br \/>\nCOMPRIMENTO = 240MM<br \/>\nESPESSURA DO FILETE DA ROSCA = 4.5MM<br \/>\nROSCA M8 NA PONTA DA PE\u00c7A COM PROFUNDIDADE DE 20MM<\/p>\n","protected":false},"featured_media":3238,"comment_status":"open","ping_status":"closed","template":"","meta":{"site-sidebar-layout":"default","site-content-layout":"default","ast-global-header-display":"","ast-main-header-display":"","ast-hfb-above-header-display":"","ast-hfb-below-header-display":"","ast-hfb-mobile-header-display":"","site-post-title":"","ast-breadcrumbs-content":"","ast-featured-img":"","footer-sml-layout":"","theme-transparent-header-meta":"default","adv-header-id-meta":null,"stick-header-meta":null,"header-above-stick-meta":null,"header-main-stick-meta":null,"header-below-stick-meta":null},"product_brand":[],"product_cat":[141],"product_tag":[98,114,107,108],"class_list":{"0":"post-3243","1":"product","2":"type-product","3":"status-publish","4":"has-post-thumbnail","6":"product_cat-roscas-sem-fim","7":"product_tag-rosca-para-transporte","8":"product_tag-rosca-passe-55mm","9":"product_tag-rosca-sem-fim","10":"product_tag-rosca-sem-fim-para-projetos-diversos","11":"desktop-align-left","12":"tablet-align-left","13":"mobile-align-left","15":"first","16":"instock","17":"taxable","18":"shipping-taxable","19":"purchasable","20":"product-type-simple"},"_links":{"self":[{"href":"https:\/\/mformas3d.com.br\/site\/wp-json\/wp\/v2\/product\/3243","targetHints":{"allow":["GET"]}}],"collection":[{"href":"https:\/\/mformas3d.com.br\/site\/wp-json\/wp\/v2\/product"}],"about":[{"href":"https:\/\/mformas3d.com.br\/site\/wp-json\/wp\/v2\/types\/product"}],"replies":[{"embeddable":true,"href":"https:\/\/mformas3d.com.br\/site\/wp-json\/wp\/v2\/comments?post=3243"}],"version-history":[{"count":1,"href":"https:\/\/mformas3d.com.br\/site\/wp-json\/wp\/v2\/product\/3243\/revisions"}],"predecessor-version":[{"id":3244,"href":"https:\/\/mformas3d.com.br\/site\/wp-json\/wp\/v2\/product\/3243\/revisions\/3244"}],"wp:featuredmedia":[{"embeddable":true,"href":"https:\/\/mformas3d.com.br\/site\/wp-json\/wp\/v2\/media\/3238"}],"wp:attachment":[{"href":"https:\/\/mformas3d.com.br\/site\/wp-json\/wp\/v2\/media?parent=3243"}],"wp:term":[{"taxonomy":"product_brand","embeddable":true,"href":"https:\/\/mformas3d.com.br\/site\/wp-json\/wp\/v2\/product_brand?post=3243"},{"taxonomy":"product_cat","embeddable":true,"href":"https:\/\/mformas3d.com.br\/site\/wp-json\/wp\/v2\/product_cat?post=3243"},{"taxonomy":"product_tag","embeddable":true,"href":"https:\/\/mformas3d.com.br\/site\/wp-json\/wp\/v2\/product_tag?post=3243"}],"curies":[{"name":"wp","href":"https:\/\/api.w.org\/{rel}","templated":true}]}}