{"id":3245,"date":"2021-10-06T21:42:29","date_gmt":"2021-10-06T21:42:29","guid":{"rendered":"https:\/\/mformas3d.com.br\/site\/?post_type=product&#038;p=3245"},"modified":"2024-01-02T22:02:14","modified_gmt":"2024-01-02T22:02:14","slug":"rosca-para-transporte-vending-machine-cafe","status":"publish","type":"product","link":"https:\/\/mformas3d.com.br\/site\/produto\/rosca-para-transporte-vending-machine-cafe\/","title":{"rendered":"Rosca para Transporte Vending Machine Caf\u00e9"},"content":{"rendered":"<p>Rosca para Transporte &#8211; Vending Machine Caf\u00e9<\/p>\n","protected":false},"excerpt":{"rendered":"<p>Rosca para Transporte &#8211; Vending Machine Caf\u00e9.<\/p>\n<p>Pe\u00e7a id\u00eantica a original de bom acabamento e encaixe perfeito, feita de material n\u00e3o t\u00f3xico ideal para alimentos.<br \/>\nCod: 05143415 &#8211; 05277915 &#8211; 02M79<\/p>\n<p>Pe\u00e7a em 3D produto novo.<\/p>\n<p>&nbsp;<\/p>\n","protected":false},"featured_media":3248,"comment_status":"open","ping_status":"closed","template":"","meta":{"site-sidebar-layout":"default","site-content-layout":"default","ast-global-header-display":"","ast-main-header-display":"","ast-hfb-above-header-display":"","ast-hfb-below-header-display":"","ast-hfb-mobile-header-display":"","site-post-title":"","ast-breadcrumbs-content":"","ast-featured-img":"","footer-sml-layout":"","theme-transparent-header-meta":"default","adv-header-id-meta":"","stick-header-meta":"","header-above-stick-meta":"","header-main-stick-meta":"","header-below-stick-meta":""},"product_brand":[],"product_cat":[34],"product_tag":[48,62,99,115,98],"class_list":{"0":"post-3245","1":"product","2":"type-product","3":"status-publish","4":"has-post-thumbnail","6":"product_cat-pecas-para-maquinas-cafe","7":"product_tag-acessorio-para-maquina-de-cafe","8":"product_tag-acessorios-para-maquina-de-cafe-vending-machine","9":"product_tag-rosca-para-maquina-de-cafe","10":"product_tag-rosca-para-maquina-vending-machine","11":"product_tag-rosca-para-transporte","12":"desktop-align-left","13":"tablet-align-left","14":"mobile-align-left","16":"first","17":"instock","18":"taxable","19":"shipping-taxable","20":"purchasable","21":"product-type-simple"},"_links":{"self":[{"href":"https:\/\/mformas3d.com.br\/site\/wp-json\/wp\/v2\/product\/3245","targetHints":{"allow":["GET"]}}],"collection":[{"href":"https:\/\/mformas3d.com.br\/site\/wp-json\/wp\/v2\/product"}],"about":[{"href":"https:\/\/mformas3d.com.br\/site\/wp-json\/wp\/v2\/types\/product"}],"replies":[{"embeddable":true,"href":"https:\/\/mformas3d.com.br\/site\/wp-json\/wp\/v2\/comments?post=3245"}],"version-history":[{"count":1,"href":"https:\/\/mformas3d.com.br\/site\/wp-json\/wp\/v2\/product\/3245\/revisions"}],"predecessor-version":[{"id":3249,"href":"https:\/\/mformas3d.com.br\/site\/wp-json\/wp\/v2\/product\/3245\/revisions\/3249"}],"wp:featuredmedia":[{"embeddable":true,"href":"https:\/\/mformas3d.com.br\/site\/wp-json\/wp\/v2\/media\/3248"}],"wp:attachment":[{"href":"https:\/\/mformas3d.com.br\/site\/wp-json\/wp\/v2\/media?parent=3245"}],"wp:term":[{"taxonomy":"product_brand","embeddable":true,"href":"https:\/\/mformas3d.com.br\/site\/wp-json\/wp\/v2\/product_brand?post=3245"},{"taxonomy":"product_cat","embeddable":true,"href":"https:\/\/mformas3d.com.br\/site\/wp-json\/wp\/v2\/product_cat?post=3245"},{"taxonomy":"product_tag","embeddable":true,"href":"https:\/\/mformas3d.com.br\/site\/wp-json\/wp\/v2\/product_tag?post=3245"}],"curies":[{"name":"wp","href":"https:\/\/api.w.org\/{rel}","templated":true}]}}