{"id":3250,"date":"2021-10-06T22:00:01","date_gmt":"2021-10-06T22:00:01","guid":{"rendered":"https:\/\/mformas3d.com.br\/site\/?post_type=product&#038;p=3250"},"modified":"2024-10-08T14:30:47","modified_gmt":"2024-10-08T14:30:47","slug":"misturador-para-maquinas-de-cafe","status":"publish","type":"product","link":"https:\/\/mformas3d.com.br\/site\/produto\/misturador-para-maquinas-de-cafe\/","title":{"rendered":"Misturador para maquinas de caf\u00e9"},"content":{"rendered":"<p>Misturador para maquinas de caf\u00e9<\/p>\n","protected":false},"excerpt":{"rendered":"<p>Misturador para maquinas de caf\u00e9.<\/p>\n<p>Pe\u00e7a feita com material de \u00f3tima qualidade n\u00e3o toxica, com rosca de a\u00e7o inox.<br \/>\nCod: 097916 &#8211; 253991 &#8211; 05111825<\/p>\n","protected":false},"featured_media":3252,"comment_status":"open","ping_status":"closed","template":"","meta":{"site-sidebar-layout":"default","site-content-layout":"default","ast-global-header-display":"","ast-main-header-display":"","ast-hfb-above-header-display":"","ast-hfb-below-header-display":"","ast-hfb-mobile-header-display":"","site-post-title":"","ast-breadcrumbs-content":"","ast-featured-img":"","footer-sml-layout":"","theme-transparent-header-meta":"default","adv-header-id-meta":"","stick-header-meta":"","header-above-stick-meta":"","header-main-stick-meta":"","header-below-stick-meta":""},"product_brand":[],"product_cat":[34],"product_tag":[52,117,116],"class_list":{"0":"post-3250","1":"product","2":"type-product","3":"status-publish","4":"has-post-thumbnail","6":"product_cat-pecas-para-maquinas-cafe","7":"product_tag-acessorios-para-maquina-de-cafe","8":"product_tag-misturador","9":"product_tag-misturador-para-maquina-de-cafe","10":"desktop-align-left","11":"tablet-align-left","12":"mobile-align-left","14":"first","15":"outofstock","16":"taxable","17":"shipping-taxable","18":"purchasable","19":"product-type-simple"},"_links":{"self":[{"href":"https:\/\/mformas3d.com.br\/site\/wp-json\/wp\/v2\/product\/3250","targetHints":{"allow":["GET"]}}],"collection":[{"href":"https:\/\/mformas3d.com.br\/site\/wp-json\/wp\/v2\/product"}],"about":[{"href":"https:\/\/mformas3d.com.br\/site\/wp-json\/wp\/v2\/types\/product"}],"replies":[{"embeddable":true,"href":"https:\/\/mformas3d.com.br\/site\/wp-json\/wp\/v2\/comments?post=3250"}],"version-history":[{"count":1,"href":"https:\/\/mformas3d.com.br\/site\/wp-json\/wp\/v2\/product\/3250\/revisions"}],"predecessor-version":[{"id":3251,"href":"https:\/\/mformas3d.com.br\/site\/wp-json\/wp\/v2\/product\/3250\/revisions\/3251"}],"wp:featuredmedia":[{"embeddable":true,"href":"https:\/\/mformas3d.com.br\/site\/wp-json\/wp\/v2\/media\/3252"}],"wp:attachment":[{"href":"https:\/\/mformas3d.com.br\/site\/wp-json\/wp\/v2\/media?parent=3250"}],"wp:term":[{"taxonomy":"product_brand","embeddable":true,"href":"https:\/\/mformas3d.com.br\/site\/wp-json\/wp\/v2\/product_brand?post=3250"},{"taxonomy":"product_cat","embeddable":true,"href":"https:\/\/mformas3d.com.br\/site\/wp-json\/wp\/v2\/product_cat?post=3250"},{"taxonomy":"product_tag","embeddable":true,"href":"https:\/\/mformas3d.com.br\/site\/wp-json\/wp\/v2\/product_tag?post=3250"}],"curies":[{"name":"wp","href":"https:\/\/api.w.org\/{rel}","templated":true}]}}