{"id":3254,"date":"2021-10-06T22:22:48","date_gmt":"2021-10-06T22:22:48","guid":{"rendered":"https:\/\/mformas3d.com.br\/site\/?post_type=product&#038;p=3254"},"modified":"2024-01-02T22:02:14","modified_gmt":"2024-01-02T22:02:14","slug":"botao-para-funcoes-da-cafeteira-villa-saeco","status":"publish","type":"product","link":"https:\/\/mformas3d.com.br\/site\/produto\/botao-para-funcoes-da-cafeteira-villa-saeco\/","title":{"rendered":"Bot\u00e3o para fun\u00e7\u00f5es da cafeteira Villa Saeco"},"content":{"rendered":"<p>Bot\u00e3o para fun\u00e7\u00f5es da cafeteira Villa Saeco e Trevi<\/p>\n","protected":false},"excerpt":{"rendered":"<p>Bot\u00e3o para fun\u00e7\u00f5es da cafeteira Villa Saeco e Trevi<\/p>\n<p>Pe\u00e7a com bom acabamento id\u00eantica com a original e encaixe perfeito.<br \/>\nFeita em impressora 3d.<br \/>\nEste valor se refere a unidade<\/p>\n","protected":false},"featured_media":3256,"comment_status":"open","ping_status":"closed","template":"","meta":{"site-sidebar-layout":"default","site-content-layout":"default","ast-global-header-display":"","ast-main-header-display":"","ast-hfb-above-header-display":"","ast-hfb-below-header-display":"","ast-hfb-mobile-header-display":"","site-post-title":"","ast-breadcrumbs-content":"","ast-featured-img":"","footer-sml-layout":"","theme-transparent-header-meta":"default","adv-header-id-meta":"","stick-header-meta":"","header-above-stick-meta":"","header-main-stick-meta":"","header-below-stick-meta":""},"product_brand":[],"product_cat":[34],"product_tag":[121,119,118,120],"class_list":{"0":"post-3254","1":"product","2":"type-product","3":"status-publish","4":"has-post-thumbnail","6":"product_cat-pecas-para-maquinas-cafe","7":"product_tag-acessorios-para-maquina-de-cafe-saeco-vila","8":"product_tag-botao-de-cafeteira-saeco","9":"product_tag-botao-de-funcoes-cafeteira-saeco-vila","10":"product_tag-pecas-para-maquinas-saeco-vila","11":"desktop-align-left","12":"tablet-align-left","13":"mobile-align-left","15":"first","16":"instock","17":"taxable","18":"shipping-taxable","19":"purchasable","20":"product-type-simple"},"_links":{"self":[{"href":"https:\/\/mformas3d.com.br\/site\/wp-json\/wp\/v2\/product\/3254","targetHints":{"allow":["GET"]}}],"collection":[{"href":"https:\/\/mformas3d.com.br\/site\/wp-json\/wp\/v2\/product"}],"about":[{"href":"https:\/\/mformas3d.com.br\/site\/wp-json\/wp\/v2\/types\/product"}],"replies":[{"embeddable":true,"href":"https:\/\/mformas3d.com.br\/site\/wp-json\/wp\/v2\/comments?post=3254"}],"version-history":[{"count":2,"href":"https:\/\/mformas3d.com.br\/site\/wp-json\/wp\/v2\/product\/3254\/revisions"}],"predecessor-version":[{"id":3273,"href":"https:\/\/mformas3d.com.br\/site\/wp-json\/wp\/v2\/product\/3254\/revisions\/3273"}],"wp:featuredmedia":[{"embeddable":true,"href":"https:\/\/mformas3d.com.br\/site\/wp-json\/wp\/v2\/media\/3256"}],"wp:attachment":[{"href":"https:\/\/mformas3d.com.br\/site\/wp-json\/wp\/v2\/media?parent=3254"}],"wp:term":[{"taxonomy":"product_brand","embeddable":true,"href":"https:\/\/mformas3d.com.br\/site\/wp-json\/wp\/v2\/product_brand?post=3254"},{"taxonomy":"product_cat","embeddable":true,"href":"https:\/\/mformas3d.com.br\/site\/wp-json\/wp\/v2\/product_cat?post=3254"},{"taxonomy":"product_tag","embeddable":true,"href":"https:\/\/mformas3d.com.br\/site\/wp-json\/wp\/v2\/product_tag?post=3254"}],"curies":[{"name":"wp","href":"https:\/\/api.w.org\/{rel}","templated":true}]}}