{"id":3270,"date":"2021-10-07T00:23:18","date_gmt":"2021-10-07T00:23:18","guid":{"rendered":"https:\/\/mformas3d.com.br\/site\/?post_type=product&#038;p=3270"},"modified":"2024-01-02T22:02:14","modified_gmt":"2024-01-02T22:02:14","slug":"posicionador-da-caixa-de-reducao-linha-vienna","status":"publish","type":"product","link":"https:\/\/mformas3d.com.br\/site\/produto\/posicionador-da-caixa-de-reducao-linha-vienna\/","title":{"rendered":"Posicionador da caixa de redu\u00e7\u00e3o linha Vienna"},"content":{"rendered":"<p>Posicionador da caixa de redu\u00e7\u00e3o linha Vienna<\/p>\n","protected":false},"excerpt":{"rendered":"<p>Posicionador da caixa de redu\u00e7\u00e3o linha Vienna<\/p>\n<p>Pe\u00e7a id\u00eantica a original de bom acabamento encaixe perfeito e de \u00f3tima qualidade, temos mais pe\u00e7as do seguimento.<\/p>\n","protected":false},"featured_media":3287,"comment_status":"open","ping_status":"closed","template":"","meta":{"site-sidebar-layout":"default","site-content-layout":"default","ast-global-header-display":"","ast-main-header-display":"","ast-hfb-above-header-display":"","ast-hfb-below-header-display":"","ast-hfb-mobile-header-display":"","site-post-title":"","ast-breadcrumbs-content":"","ast-featured-img":"","footer-sml-layout":"","theme-transparent-header-meta":"default","adv-header-id-meta":"","stick-header-meta":"","header-above-stick-meta":"","header-main-stick-meta":"","header-below-stick-meta":""},"product_brand":[],"product_cat":[34],"product_tag":[48,88,37,127,126],"class_list":{"0":"post-3270","1":"product","2":"type-product","3":"status-publish","4":"has-post-thumbnail","6":"product_cat-pecas-para-maquinas-cafe","7":"product_tag-acessorio-para-maquina-de-cafe","8":"product_tag-acessorio-para-maquina-vienna-plus-saeco","9":"product_tag-pecas-para-maquina-de-cafe","10":"product_tag-posicionador","11":"product_tag-posicionador-da-caixa-de-reducao","12":"desktop-align-left","13":"tablet-align-left","14":"mobile-align-left","16":"first","17":"instock","18":"taxable","19":"shipping-taxable","20":"purchasable","21":"product-type-simple"},"_links":{"self":[{"href":"https:\/\/mformas3d.com.br\/site\/wp-json\/wp\/v2\/product\/3270","targetHints":{"allow":["GET"]}}],"collection":[{"href":"https:\/\/mformas3d.com.br\/site\/wp-json\/wp\/v2\/product"}],"about":[{"href":"https:\/\/mformas3d.com.br\/site\/wp-json\/wp\/v2\/types\/product"}],"replies":[{"embeddable":true,"href":"https:\/\/mformas3d.com.br\/site\/wp-json\/wp\/v2\/comments?post=3270"}],"version-history":[{"count":1,"href":"https:\/\/mformas3d.com.br\/site\/wp-json\/wp\/v2\/product\/3270\/revisions"}],"predecessor-version":[{"id":3288,"href":"https:\/\/mformas3d.com.br\/site\/wp-json\/wp\/v2\/product\/3270\/revisions\/3288"}],"wp:featuredmedia":[{"embeddable":true,"href":"https:\/\/mformas3d.com.br\/site\/wp-json\/wp\/v2\/media\/3287"}],"wp:attachment":[{"href":"https:\/\/mformas3d.com.br\/site\/wp-json\/wp\/v2\/media?parent=3270"}],"wp:term":[{"taxonomy":"product_brand","embeddable":true,"href":"https:\/\/mformas3d.com.br\/site\/wp-json\/wp\/v2\/product_brand?post=3270"},{"taxonomy":"product_cat","embeddable":true,"href":"https:\/\/mformas3d.com.br\/site\/wp-json\/wp\/v2\/product_cat?post=3270"},{"taxonomy":"product_tag","embeddable":true,"href":"https:\/\/mformas3d.com.br\/site\/wp-json\/wp\/v2\/product_tag?post=3270"}],"curies":[{"name":"wp","href":"https:\/\/api.w.org\/{rel}","templated":true}]}}