{"id":3292,"date":"2021-10-07T17:50:45","date_gmt":"2021-10-07T17:50:45","guid":{"rendered":"https:\/\/mformas3d.com.br\/site\/?post_type=product&#038;p=3292"},"modified":"2024-01-02T22:02:14","modified_gmt":"2024-01-02T22:02:14","slug":"puxador-para-porta-de-acesso-ao-porta-malas-do-vectra-b","status":"publish","type":"product","link":"https:\/\/mformas3d.com.br\/site\/produto\/puxador-para-porta-de-acesso-ao-porta-malas-do-vectra-b\/","title":{"rendered":"Puxador para porta de acesso ao porta malas do Vectra-B"},"content":{"rendered":"<p>Puxador para porta de acesso ao porta malas do Vectra-B<\/p>\n<p>&nbsp;<\/p>\n","protected":false},"excerpt":{"rendered":"<p>Puxador para porta de acesso ao porta malas do Vectra-B<\/p>\n<p>Puxador para destravar porta de acesso ao porta malas do Vectra-B<br \/>\nPe\u00e7a feita em impressora 3D de \u00f3tima qualidade com um encaixe perfeito id\u00eantica a original feita em ABS.<\/p>\n","protected":false},"featured_media":3293,"comment_status":"open","ping_status":"closed","template":"","meta":{"site-sidebar-layout":"default","site-content-layout":"default","ast-global-header-display":"","ast-main-header-display":"","ast-hfb-above-header-display":"","ast-hfb-below-header-display":"","ast-hfb-mobile-header-display":"","site-post-title":"","ast-breadcrumbs-content":"","ast-featured-img":"","footer-sml-layout":"","theme-transparent-header-meta":"default","adv-header-id-meta":"","stick-header-meta":"","header-above-stick-meta":"","header-main-stick-meta":"","header-below-stick-meta":""},"product_brand":[],"product_cat":[35],"product_tag":[97,96,128,129],"class_list":{"0":"post-3292","1":"product","2":"type-product","3":"status-publish","4":"has-post-thumbnail","6":"product_cat-pecas-automotivas","7":"product_tag-acessorios-de-carro","8":"product_tag-pecas-de-carro","9":"product_tag-puxador-de-destrava-porta-mala-vectra-b","10":"product_tag-puxador-vectra-b","11":"desktop-align-left","12":"tablet-align-left","13":"mobile-align-left","15":"first","16":"instock","17":"taxable","18":"shipping-taxable","19":"purchasable","20":"product-type-simple"},"_links":{"self":[{"href":"https:\/\/mformas3d.com.br\/site\/wp-json\/wp\/v2\/product\/3292","targetHints":{"allow":["GET"]}}],"collection":[{"href":"https:\/\/mformas3d.com.br\/site\/wp-json\/wp\/v2\/product"}],"about":[{"href":"https:\/\/mformas3d.com.br\/site\/wp-json\/wp\/v2\/types\/product"}],"replies":[{"embeddable":true,"href":"https:\/\/mformas3d.com.br\/site\/wp-json\/wp\/v2\/comments?post=3292"}],"version-history":[{"count":1,"href":"https:\/\/mformas3d.com.br\/site\/wp-json\/wp\/v2\/product\/3292\/revisions"}],"predecessor-version":[{"id":3296,"href":"https:\/\/mformas3d.com.br\/site\/wp-json\/wp\/v2\/product\/3292\/revisions\/3296"}],"wp:featuredmedia":[{"embeddable":true,"href":"https:\/\/mformas3d.com.br\/site\/wp-json\/wp\/v2\/media\/3293"}],"wp:attachment":[{"href":"https:\/\/mformas3d.com.br\/site\/wp-json\/wp\/v2\/media?parent=3292"}],"wp:term":[{"taxonomy":"product_brand","embeddable":true,"href":"https:\/\/mformas3d.com.br\/site\/wp-json\/wp\/v2\/product_brand?post=3292"},{"taxonomy":"product_cat","embeddable":true,"href":"https:\/\/mformas3d.com.br\/site\/wp-json\/wp\/v2\/product_cat?post=3292"},{"taxonomy":"product_tag","embeddable":true,"href":"https:\/\/mformas3d.com.br\/site\/wp-json\/wp\/v2\/product_tag?post=3292"}],"curies":[{"name":"wp","href":"https:\/\/api.w.org\/{rel}","templated":true}]}}