{"id":3329,"date":"2022-01-12T23:57:13","date_gmt":"2022-01-12T23:57:13","guid":{"rendered":"https:\/\/mformas3d.com.br\/site\/?post_type=product&#038;p=3329"},"modified":"2024-11-30T03:33:39","modified_gmt":"2024-11-30T03:33:39","slug":"breaklight-p-vectra-b-e-omega-anos-1996-a-1999","status":"publish","type":"product","link":"https:\/\/mformas3d.com.br\/site\/produto\/breaklight-p-vectra-b-e-omega-anos-1996-a-1999\/","title":{"rendered":"Breaklight  com led P\/ Vectra-B e Omega Anos 1996 A 1999"},"content":{"rendered":"<div style=\"width: 640px;\" class=\"wp-video\"><video class=\"wp-video-shortcode\" id=\"video-3329-1\" width=\"640\" height=\"352\" preload=\"metadata\" controls=\"controls\"><source type=\"video\/mp4\" src=\"http:\/\/mformas3d.com.br\/site\/wp-content\/uploads\/2022\/01\/BREACKLIGHT-DO-VECTRA-E-OMEGA.mp4?_=1\" \/><a href=\"http:\/\/mformas3d.com.br\/site\/wp-content\/uploads\/2022\/01\/BREACKLIGHT-DO-VECTRA-E-OMEGA.mp4\">http:\/\/mformas3d.com.br\/site\/wp-content\/uploads\/2022\/01\/BREACKLIGHT-DO-VECTRA-E-OMEGA.mp4<\/a><\/video><\/div>\n<p>&nbsp;<\/p>\n","protected":false},"excerpt":{"rendered":"<p>Pe\u00e7a feita em impressora 3D de \u00f3tima qualidade e encaixe perfeito.<br \/>\nEsta pe\u00e7a substitui a original fazendo a mesma fun\u00e7\u00e3o e com f\u00e1cil manuten\u00e7\u00e3o.<br \/>\nPe\u00e7a feita em plastico ABS preta com ilumina\u00e7\u00e3o em led,<br \/>\nTem o video no youtube explicando melhor.<\/p>\n<p>Para Vectra e Omega anos 1996 a 1999 com encaixe no vidro.<\/p>\n","protected":false},"featured_media":3332,"comment_status":"open","ping_status":"closed","template":"","meta":{"site-sidebar-layout":"default","site-content-layout":"default","ast-global-header-display":"","ast-main-header-display":"","ast-hfb-above-header-display":"","ast-hfb-below-header-display":"","ast-hfb-mobile-header-display":"","site-post-title":"","ast-breadcrumbs-content":"","ast-featured-img":"","footer-sml-layout":"","theme-transparent-header-meta":"default","adv-header-id-meta":"","stick-header-meta":"","header-above-stick-meta":"","header-main-stick-meta":"","header-below-stick-meta":""},"product_brand":[],"product_cat":[35],"product_tag":[139,46,140],"class_list":{"0":"post-3329","1":"product","2":"type-product","3":"status-publish","4":"has-post-thumbnail","6":"product_cat-pecas-automotivas","7":"product_tag-acessorios-para-carro","8":"product_tag-acessorios-para-vectra","9":"product_tag-breaklight-p-vectra-b-e-omega-anos-1996-a-1999","10":"desktop-align-left","11":"tablet-align-left","12":"mobile-align-left","14":"first","15":"outofstock","16":"sold-individually","17":"taxable","18":"shipping-taxable","19":"purchasable","20":"product-type-simple"},"_links":{"self":[{"href":"https:\/\/mformas3d.com.br\/site\/wp-json\/wp\/v2\/product\/3329","targetHints":{"allow":["GET"]}}],"collection":[{"href":"https:\/\/mformas3d.com.br\/site\/wp-json\/wp\/v2\/product"}],"about":[{"href":"https:\/\/mformas3d.com.br\/site\/wp-json\/wp\/v2\/types\/product"}],"replies":[{"embeddable":true,"href":"https:\/\/mformas3d.com.br\/site\/wp-json\/wp\/v2\/comments?post=3329"}],"version-history":[{"count":3,"href":"https:\/\/mformas3d.com.br\/site\/wp-json\/wp\/v2\/product\/3329\/revisions"}],"predecessor-version":[{"id":3744,"href":"https:\/\/mformas3d.com.br\/site\/wp-json\/wp\/v2\/product\/3329\/revisions\/3744"}],"wp:featuredmedia":[{"embeddable":true,"href":"https:\/\/mformas3d.com.br\/site\/wp-json\/wp\/v2\/media\/3332"}],"wp:attachment":[{"href":"https:\/\/mformas3d.com.br\/site\/wp-json\/wp\/v2\/media?parent=3329"}],"wp:term":[{"taxonomy":"product_brand","embeddable":true,"href":"https:\/\/mformas3d.com.br\/site\/wp-json\/wp\/v2\/product_brand?post=3329"},{"taxonomy":"product_cat","embeddable":true,"href":"https:\/\/mformas3d.com.br\/site\/wp-json\/wp\/v2\/product_cat?post=3329"},{"taxonomy":"product_tag","embeddable":true,"href":"https:\/\/mformas3d.com.br\/site\/wp-json\/wp\/v2\/product_tag?post=3329"}],"curies":[{"name":"wp","href":"https:\/\/api.w.org\/{rel}","templated":true}]}}