{"id":3479,"date":"2022-06-08T22:03:53","date_gmt":"2022-06-08T22:03:53","guid":{"rendered":"https:\/\/mformas3d.com.br\/site\/?post_type=product&#038;p=3479"},"modified":"2024-11-30T03:35:08","modified_gmt":"2024-11-30T03:35:08","slug":"breaklite-para-lampadas-originais","status":"publish","type":"product","link":"https:\/\/mformas3d.com.br\/site\/produto\/breaklite-para-lampadas-originais\/","title":{"rendered":"Breaklight Com Encaixe P\/ L\u00e2mpadas Originais Vectra \/ Omega"},"content":{"rendered":"<p style=\"text-align: right;\">Pe\u00e7a feita em impressora 3D de \u00f3tima qualidade e encaixe perfeito.<br \/>\nEsta pe\u00e7a substitui a original fazendo a mesma fun\u00e7\u00e3o e com f\u00e1cil manuten\u00e7\u00e3o.<br \/>\nPe\u00e7a feita em plastico ABS preta<br \/>\nPe\u00e7a feita para encaixar as l\u00e2mpadas originais<br \/>\n(<strong>N\u00e3o acompanha l\u00e2mpadas<\/strong>) feita para usar as l\u00e2mpadas do seu breaklight quebrado.<br \/>\nCaso n\u00e3o tenha l\u00e2mpadas tenho outro modelo com l\u00e2mpada Led.<br \/>\nPara Vectra e Omega anos 1996 a 1999 com encaixe no vidro.<\/p>\n","protected":false},"excerpt":{"rendered":"<p><img loading=\"lazy\" decoding=\"async\" class=\"alignnone size-medium wp-image-3480\" src=\"http:\/\/mformas3d.com.br\/site\/wp-content\/uploads\/2022\/06\/IMG-20220608-WA0005-300x169.jpg\" alt=\"\" width=\"300\" height=\"169\" srcset=\"https:\/\/mformas3d.com.br\/site\/wp-content\/uploads\/2022\/06\/IMG-20220608-WA0005-300x169.jpg 300w, https:\/\/mformas3d.com.br\/site\/wp-content\/uploads\/2022\/06\/IMG-20220608-WA0005-1024x576.jpg 1024w, https:\/\/mformas3d.com.br\/site\/wp-content\/uploads\/2022\/06\/IMG-20220608-WA0005-768x432.jpg 768w, https:\/\/mformas3d.com.br\/site\/wp-content\/uploads\/2022\/06\/IMG-20220608-WA0005-600x338.jpg 600w, https:\/\/mformas3d.com.br\/site\/wp-content\/uploads\/2022\/06\/IMG-20220608-WA0005.jpg 1280w\" sizes=\"auto, (max-width: 300px) 100vw, 300px\" \/> <img loading=\"lazy\" decoding=\"async\" class=\"alignnone size-medium wp-image-3481\" src=\"http:\/\/mformas3d.com.br\/site\/wp-content\/uploads\/2022\/06\/IMG-20220608-WA0008-300x169.jpg\" alt=\"\" width=\"300\" height=\"169\" srcset=\"https:\/\/mformas3d.com.br\/site\/wp-content\/uploads\/2022\/06\/IMG-20220608-WA0008-300x169.jpg 300w, https:\/\/mformas3d.com.br\/site\/wp-content\/uploads\/2022\/06\/IMG-20220608-WA0008-1024x576.jpg 1024w, https:\/\/mformas3d.com.br\/site\/wp-content\/uploads\/2022\/06\/IMG-20220608-WA0008-768x432.jpg 768w, https:\/\/mformas3d.com.br\/site\/wp-content\/uploads\/2022\/06\/IMG-20220608-WA0008-600x338.jpg 600w, https:\/\/mformas3d.com.br\/site\/wp-content\/uploads\/2022\/06\/IMG-20220608-WA0008.jpg 1280w\" sizes=\"auto, (max-width: 300px) 100vw, 300px\" \/> <img loading=\"lazy\" decoding=\"async\" class=\"alignnone size-medium wp-image-3482\" src=\"http:\/\/mformas3d.com.br\/site\/wp-content\/uploads\/2022\/06\/IMG-20220608-WA0009-300x169.jpg\" alt=\"\" width=\"300\" height=\"169\" srcset=\"https:\/\/mformas3d.com.br\/site\/wp-content\/uploads\/2022\/06\/IMG-20220608-WA0009-300x169.jpg 300w, https:\/\/mformas3d.com.br\/site\/wp-content\/uploads\/2022\/06\/IMG-20220608-WA0009-1024x576.jpg 1024w, https:\/\/mformas3d.com.br\/site\/wp-content\/uploads\/2022\/06\/IMG-20220608-WA0009-768x432.jpg 768w, https:\/\/mformas3d.com.br\/site\/wp-content\/uploads\/2022\/06\/IMG-20220608-WA0009-600x338.jpg 600w, https:\/\/mformas3d.com.br\/site\/wp-content\/uploads\/2022\/06\/IMG-20220608-WA0009.jpg 1280w\" sizes=\"auto, (max-width: 300px) 100vw, 300px\" \/> <img loading=\"lazy\" decoding=\"async\" class=\"alignnone size-medium wp-image-3483\" src=\"http:\/\/mformas3d.com.br\/site\/wp-content\/uploads\/2022\/06\/IMG-20220608-WA0006-300x169.jpg\" alt=\"\" width=\"300\" height=\"169\" srcset=\"https:\/\/mformas3d.com.br\/site\/wp-content\/uploads\/2022\/06\/IMG-20220608-WA0006-300x169.jpg 300w, https:\/\/mformas3d.com.br\/site\/wp-content\/uploads\/2022\/06\/IMG-20220608-WA0006-1024x576.jpg 1024w, https:\/\/mformas3d.com.br\/site\/wp-content\/uploads\/2022\/06\/IMG-20220608-WA0006-768x432.jpg 768w, https:\/\/mformas3d.com.br\/site\/wp-content\/uploads\/2022\/06\/IMG-20220608-WA0006-600x338.jpg 600w, https:\/\/mformas3d.com.br\/site\/wp-content\/uploads\/2022\/06\/IMG-20220608-WA0006.jpg 1280w\" sizes=\"auto, (max-width: 300px) 100vw, 300px\" \/> <img loading=\"lazy\" decoding=\"async\" class=\"alignnone size-medium wp-image-3484\" src=\"http:\/\/mformas3d.com.br\/site\/wp-content\/uploads\/2022\/06\/IMG-20220608-WA0007-300x169.jpg\" alt=\"\" width=\"300\" height=\"169\" srcset=\"https:\/\/mformas3d.com.br\/site\/wp-content\/uploads\/2022\/06\/IMG-20220608-WA0007-300x169.jpg 300w, https:\/\/mformas3d.com.br\/site\/wp-content\/uploads\/2022\/06\/IMG-20220608-WA0007-1024x576.jpg 1024w, https:\/\/mformas3d.com.br\/site\/wp-content\/uploads\/2022\/06\/IMG-20220608-WA0007-768x432.jpg 768w, https:\/\/mformas3d.com.br\/site\/wp-content\/uploads\/2022\/06\/IMG-20220608-WA0007-600x338.jpg 600w, https:\/\/mformas3d.com.br\/site\/wp-content\/uploads\/2022\/06\/IMG-20220608-WA0007.jpg 1280w\" sizes=\"auto, (max-width: 300px) 100vw, 300px\" \/> <img loading=\"lazy\" decoding=\"async\" class=\"alignnone size-medium wp-image-3485\" src=\"http:\/\/mformas3d.com.br\/site\/wp-content\/uploads\/2022\/06\/IMG-20220608-WA0010-300x169.jpg\" alt=\"\" width=\"300\" height=\"169\" srcset=\"https:\/\/mformas3d.com.br\/site\/wp-content\/uploads\/2022\/06\/IMG-20220608-WA0010-300x169.jpg 300w, https:\/\/mformas3d.com.br\/site\/wp-content\/uploads\/2022\/06\/IMG-20220608-WA0010-1024x576.jpg 1024w, https:\/\/mformas3d.com.br\/site\/wp-content\/uploads\/2022\/06\/IMG-20220608-WA0010-768x432.jpg 768w, https:\/\/mformas3d.com.br\/site\/wp-content\/uploads\/2022\/06\/IMG-20220608-WA0010-600x338.jpg 600w, https:\/\/mformas3d.com.br\/site\/wp-content\/uploads\/2022\/06\/IMG-20220608-WA0010.jpg 1280w\" sizes=\"auto, (max-width: 300px) 100vw, 300px\" \/> <img loading=\"lazy\" decoding=\"async\" class=\"alignnone size-medium wp-image-3486\" src=\"http:\/\/mformas3d.com.br\/site\/wp-content\/uploads\/2022\/06\/IMG-20220608-WA0011-300x169.jpg\" alt=\"\" width=\"300\" height=\"169\" srcset=\"https:\/\/mformas3d.com.br\/site\/wp-content\/uploads\/2022\/06\/IMG-20220608-WA0011-300x169.jpg 300w, https:\/\/mformas3d.com.br\/site\/wp-content\/uploads\/2022\/06\/IMG-20220608-WA0011-1024x576.jpg 1024w, https:\/\/mformas3d.com.br\/site\/wp-content\/uploads\/2022\/06\/IMG-20220608-WA0011-768x432.jpg 768w, https:\/\/mformas3d.com.br\/site\/wp-content\/uploads\/2022\/06\/IMG-20220608-WA0011-600x338.jpg 600w, https:\/\/mformas3d.com.br\/site\/wp-content\/uploads\/2022\/06\/IMG-20220608-WA0011.jpg 1280w\" sizes=\"auto, (max-width: 300px) 100vw, 300px\" \/><\/p>\n","protected":false},"featured_media":3481,"comment_status":"open","ping_status":"closed","template":"","meta":{"site-sidebar-layout":"default","site-content-layout":"default","ast-global-header-display":"","ast-main-header-display":"","ast-hfb-above-header-display":"","ast-hfb-below-header-display":"","ast-hfb-mobile-header-display":"","site-post-title":"","ast-breadcrumbs-content":"","ast-featured-img":"","footer-sml-layout":"","theme-transparent-header-meta":"default","adv-header-id-meta":"","stick-header-meta":"","header-above-stick-meta":"","header-main-stick-meta":"","header-below-stick-meta":""},"product_brand":[],"product_cat":[35],"product_tag":[46,150,151,96],"class_list":{"0":"post-3479","1":"product","2":"type-product","3":"status-publish","4":"has-post-thumbnail","6":"product_cat-pecas-automotivas","7":"product_tag-acessorios-para-vectra","8":"product_tag-breaklite","9":"product_tag-luz-de-freio","10":"product_tag-pecas-de-carro","11":"desktop-align-left","12":"tablet-align-left","13":"mobile-align-left","15":"first","16":"outofstock","17":"taxable","18":"shipping-taxable","19":"purchasable","20":"product-type-simple"},"_links":{"self":[{"href":"https:\/\/mformas3d.com.br\/site\/wp-json\/wp\/v2\/product\/3479","targetHints":{"allow":["GET"]}}],"collection":[{"href":"https:\/\/mformas3d.com.br\/site\/wp-json\/wp\/v2\/product"}],"about":[{"href":"https:\/\/mformas3d.com.br\/site\/wp-json\/wp\/v2\/types\/product"}],"replies":[{"embeddable":true,"href":"https:\/\/mformas3d.com.br\/site\/wp-json\/wp\/v2\/comments?post=3479"}],"version-history":[{"count":6,"href":"https:\/\/mformas3d.com.br\/site\/wp-json\/wp\/v2\/product\/3479\/revisions"}],"predecessor-version":[{"id":3743,"href":"https:\/\/mformas3d.com.br\/site\/wp-json\/wp\/v2\/product\/3479\/revisions\/3743"}],"wp:featuredmedia":[{"embeddable":true,"href":"https:\/\/mformas3d.com.br\/site\/wp-json\/wp\/v2\/media\/3481"}],"wp:attachment":[{"href":"https:\/\/mformas3d.com.br\/site\/wp-json\/wp\/v2\/media?parent=3479"}],"wp:term":[{"taxonomy":"product_brand","embeddable":true,"href":"https:\/\/mformas3d.com.br\/site\/wp-json\/wp\/v2\/product_brand?post=3479"},{"taxonomy":"product_cat","embeddable":true,"href":"https:\/\/mformas3d.com.br\/site\/wp-json\/wp\/v2\/product_cat?post=3479"},{"taxonomy":"product_tag","embeddable":true,"href":"https:\/\/mformas3d.com.br\/site\/wp-json\/wp\/v2\/product_tag?post=3479"}],"curies":[{"name":"wp","href":"https:\/\/api.w.org\/{rel}","templated":true}]}}