{"id":3507,"date":"2022-06-22T01:16:50","date_gmt":"2022-06-22T01:16:50","guid":{"rendered":"https:\/\/mformas3d.com.br\/site\/?post_type=product&#038;p=3507"},"modified":"2024-01-02T22:02:13","modified_gmt":"2024-01-02T22:02:13","slug":"botao-giratorio-dosagem-saeco-villa-spidem","status":"publish","type":"product","link":"https:\/\/mformas3d.com.br\/site\/produto\/botao-giratorio-dosagem-saeco-villa-spidem\/","title":{"rendered":"Bot\u00e3o Girat\u00f3rio Dosagem Saeco Villa Spidem"},"content":{"rendered":"","protected":false},"excerpt":{"rendered":"<p>Bot\u00e3o de dosagem para cafeteiras Saeco Villa.<br \/>\nPe\u00e7a de bom acabamento id\u00eantica a original e de \u00f3tima qualidade com encaixe perfeito feita em plastico ABS em 3D<br \/>\nPe\u00e7a na cor cinza.<\/p>\n","protected":false},"featured_media":3508,"comment_status":"open","ping_status":"closed","template":"","meta":{"site-sidebar-layout":"default","site-content-layout":"default","ast-global-header-display":"","ast-main-header-display":"","ast-hfb-above-header-display":"","ast-hfb-below-header-display":"","ast-hfb-mobile-header-display":"","site-post-title":"","ast-breadcrumbs-content":"","ast-featured-img":"","footer-sml-layout":"","theme-transparent-header-meta":"default","adv-header-id-meta":"","stick-header-meta":"","header-above-stick-meta":"","header-main-stick-meta":"","header-below-stick-meta":""},"product_brand":[],"product_cat":[34],"product_tag":[155,154,156,37],"class_list":{"0":"post-3507","1":"product","2":"type-product","3":"status-publish","4":"has-post-thumbnail","6":"product_cat-pecas-para-maquinas-cafe","7":"product_tag-acessorios-saeco-villa","8":"product_tag-botao-giratorio-de-dosagem-saeco-villa","9":"product_tag-botao-saeco-villa","10":"product_tag-pecas-para-maquina-de-cafe","11":"desktop-align-left","12":"tablet-align-left","13":"mobile-align-left","15":"first","16":"instock","17":"taxable","18":"shipping-taxable","19":"purchasable","20":"product-type-simple"},"_links":{"self":[{"href":"https:\/\/mformas3d.com.br\/site\/wp-json\/wp\/v2\/product\/3507","targetHints":{"allow":["GET"]}}],"collection":[{"href":"https:\/\/mformas3d.com.br\/site\/wp-json\/wp\/v2\/product"}],"about":[{"href":"https:\/\/mformas3d.com.br\/site\/wp-json\/wp\/v2\/types\/product"}],"replies":[{"embeddable":true,"href":"https:\/\/mformas3d.com.br\/site\/wp-json\/wp\/v2\/comments?post=3507"}],"version-history":[{"count":2,"href":"https:\/\/mformas3d.com.br\/site\/wp-json\/wp\/v2\/product\/3507\/revisions"}],"predecessor-version":[{"id":3737,"href":"https:\/\/mformas3d.com.br\/site\/wp-json\/wp\/v2\/product\/3507\/revisions\/3737"}],"wp:featuredmedia":[{"embeddable":true,"href":"https:\/\/mformas3d.com.br\/site\/wp-json\/wp\/v2\/media\/3508"}],"wp:attachment":[{"href":"https:\/\/mformas3d.com.br\/site\/wp-json\/wp\/v2\/media?parent=3507"}],"wp:term":[{"taxonomy":"product_brand","embeddable":true,"href":"https:\/\/mformas3d.com.br\/site\/wp-json\/wp\/v2\/product_brand?post=3507"},{"taxonomy":"product_cat","embeddable":true,"href":"https:\/\/mformas3d.com.br\/site\/wp-json\/wp\/v2\/product_cat?post=3507"},{"taxonomy":"product_tag","embeddable":true,"href":"https:\/\/mformas3d.com.br\/site\/wp-json\/wp\/v2\/product_tag?post=3507"}],"curies":[{"name":"wp","href":"https:\/\/api.w.org\/{rel}","templated":true}]}}