{"id":3515,"date":"2022-06-22T01:41:43","date_gmt":"2022-06-22T01:41:43","guid":{"rendered":"https:\/\/mformas3d.com.br\/site\/?post_type=product&#038;p=3515"},"modified":"2024-01-02T22:02:13","modified_gmt":"2024-01-02T22:02:13","slug":"botao-liga-desliga-vienna-plus-saeco","status":"publish","type":"product","link":"https:\/\/mformas3d.com.br\/site\/produto\/botao-liga-desliga-vienna-plus-saeco\/","title":{"rendered":"Bot\u00e3o Liga\/desliga Vienna Plus Saeco"},"content":{"rendered":"","protected":false},"excerpt":{"rendered":"<p>Pe\u00e7a paralela de bom acabamento id\u00eantica a original e de \u00f3tima qualidade. O an\u00fancio refere-se a 10 pe\u00e7as e temos mais modelos para este segmento.<\/p>\n<p>Valor unit\u00e1rio 12,90<\/p>\n<p>10 pe\u00e7as 99,90<\/p>\n","protected":false},"featured_media":3517,"comment_status":"open","ping_status":"closed","template":"","meta":{"site-sidebar-layout":"default","site-content-layout":"default","ast-global-header-display":"","ast-main-header-display":"","ast-hfb-above-header-display":"","ast-hfb-below-header-display":"","ast-hfb-mobile-header-display":"","site-post-title":"","ast-breadcrumbs-content":"","ast-featured-img":"","footer-sml-layout":"","theme-transparent-header-meta":"default","adv-header-id-meta":"","stick-header-meta":"","header-above-stick-meta":"","header-main-stick-meta":"","header-below-stick-meta":""},"product_brand":[],"product_cat":[34],"product_tag":[48,157,37],"class_list":{"0":"post-3515","1":"product","2":"type-product","3":"status-publish","4":"has-post-thumbnail","6":"product_cat-pecas-para-maquinas-cafe","7":"product_tag-acessorio-para-maquina-de-cafe","8":"product_tag-botao-liga-desliga-viena-plus","9":"product_tag-pecas-para-maquina-de-cafe","10":"desktop-align-left","11":"tablet-align-left","12":"mobile-align-left","14":"first","15":"instock","16":"taxable","17":"shipping-taxable","18":"purchasable","19":"product-type-variable"},"_links":{"self":[{"href":"https:\/\/mformas3d.com.br\/site\/wp-json\/wp\/v2\/product\/3515","targetHints":{"allow":["GET"]}}],"collection":[{"href":"https:\/\/mformas3d.com.br\/site\/wp-json\/wp\/v2\/product"}],"about":[{"href":"https:\/\/mformas3d.com.br\/site\/wp-json\/wp\/v2\/types\/product"}],"replies":[{"embeddable":true,"href":"https:\/\/mformas3d.com.br\/site\/wp-json\/wp\/v2\/comments?post=3515"}],"version-history":[{"count":2,"href":"https:\/\/mformas3d.com.br\/site\/wp-json\/wp\/v2\/product\/3515\/revisions"}],"predecessor-version":[{"id":3519,"href":"https:\/\/mformas3d.com.br\/site\/wp-json\/wp\/v2\/product\/3515\/revisions\/3519"}],"wp:featuredmedia":[{"embeddable":true,"href":"https:\/\/mformas3d.com.br\/site\/wp-json\/wp\/v2\/media\/3517"}],"wp:attachment":[{"href":"https:\/\/mformas3d.com.br\/site\/wp-json\/wp\/v2\/media?parent=3515"}],"wp:term":[{"taxonomy":"product_brand","embeddable":true,"href":"https:\/\/mformas3d.com.br\/site\/wp-json\/wp\/v2\/product_brand?post=3515"},{"taxonomy":"product_cat","embeddable":true,"href":"https:\/\/mformas3d.com.br\/site\/wp-json\/wp\/v2\/product_cat?post=3515"},{"taxonomy":"product_tag","embeddable":true,"href":"https:\/\/mformas3d.com.br\/site\/wp-json\/wp\/v2\/product_tag?post=3515"}],"curies":[{"name":"wp","href":"https:\/\/api.w.org\/{rel}","templated":true}]}}