{"id":3520,"date":"2022-06-22T01:55:24","date_gmt":"2022-06-22T01:55:24","guid":{"rendered":"https:\/\/mformas3d.com.br\/site\/?post_type=product&#038;p=3520"},"modified":"2024-01-02T22:02:13","modified_gmt":"2024-01-02T22:02:13","slug":"botoes-de-acionamento-p-maquinas-de-cafe-vienna-plus-trevi","status":"publish","type":"product","link":"https:\/\/mformas3d.com.br\/site\/produto\/botoes-de-acionamento-p-maquinas-de-cafe-vienna-plus-trevi\/","title":{"rendered":"Bot\u00f5es De Acionamento P\/ Maquinas De Caf\u00e9 Vienna Plus Trevi"},"content":{"rendered":"","protected":false},"excerpt":{"rendered":"<p>Pe\u00e7a de bom acabamento id\u00eantica a original e de \u00f3tima qualidade.<br \/>\nEstes bot\u00f5es s\u00e3o os de regulagem, os bot\u00f5es on\/off est\u00e3o em outro an\u00fancio.<\/p>\n<p>Valor unit\u00e1rio 13,90<\/p>\n<p>10 unidades 109,90<\/p>\n","protected":false},"featured_media":3524,"comment_status":"open","ping_status":"closed","template":"","meta":{"site-sidebar-layout":"default","site-content-layout":"default","ast-global-header-display":"","ast-main-header-display":"","ast-hfb-above-header-display":"","ast-hfb-below-header-display":"","ast-hfb-mobile-header-display":"","site-post-title":"","ast-breadcrumbs-content":"","ast-featured-img":"","footer-sml-layout":"","theme-transparent-header-meta":"default","adv-header-id-meta":"","stick-header-meta":"","header-above-stick-meta":"","header-main-stick-meta":"","header-below-stick-meta":""},"product_brand":[],"product_cat":[34],"product_tag":[160,159,158,161],"class_list":{"0":"post-3520","1":"product","2":"type-product","3":"status-publish","4":"has-post-thumbnail","6":"product_cat-pecas-para-maquinas-cafe","7":"product_tag-acessorios-para-maquina-de-cafe-trevi","8":"product_tag-botao-de-acionamento","9":"product_tag-botoes-de-acionamento-p-maquinas-de-cafe-vienna-plus-trevi","10":"product_tag-pecas-para-maquinas-de-cafe-trevi","11":"desktop-align-left","12":"tablet-align-left","13":"mobile-align-left","15":"first","16":"instock","17":"taxable","18":"shipping-taxable","19":"purchasable","20":"product-type-variable"},"_links":{"self":[{"href":"https:\/\/mformas3d.com.br\/site\/wp-json\/wp\/v2\/product\/3520","targetHints":{"allow":["GET"]}}],"collection":[{"href":"https:\/\/mformas3d.com.br\/site\/wp-json\/wp\/v2\/product"}],"about":[{"href":"https:\/\/mformas3d.com.br\/site\/wp-json\/wp\/v2\/types\/product"}],"replies":[{"embeddable":true,"href":"https:\/\/mformas3d.com.br\/site\/wp-json\/wp\/v2\/comments?post=3520"}],"version-history":[{"count":2,"href":"https:\/\/mformas3d.com.br\/site\/wp-json\/wp\/v2\/product\/3520\/revisions"}],"predecessor-version":[{"id":3529,"href":"https:\/\/mformas3d.com.br\/site\/wp-json\/wp\/v2\/product\/3520\/revisions\/3529"}],"wp:featuredmedia":[{"embeddable":true,"href":"https:\/\/mformas3d.com.br\/site\/wp-json\/wp\/v2\/media\/3524"}],"wp:attachment":[{"href":"https:\/\/mformas3d.com.br\/site\/wp-json\/wp\/v2\/media?parent=3520"}],"wp:term":[{"taxonomy":"product_brand","embeddable":true,"href":"https:\/\/mformas3d.com.br\/site\/wp-json\/wp\/v2\/product_brand?post=3520"},{"taxonomy":"product_cat","embeddable":true,"href":"https:\/\/mformas3d.com.br\/site\/wp-json\/wp\/v2\/product_cat?post=3520"},{"taxonomy":"product_tag","embeddable":true,"href":"https:\/\/mformas3d.com.br\/site\/wp-json\/wp\/v2\/product_tag?post=3520"}],"curies":[{"name":"wp","href":"https:\/\/api.w.org\/{rel}","templated":true}]}}