{"id":3642,"date":"2022-12-20T21:25:08","date_gmt":"2022-12-20T21:25:08","guid":{"rendered":"https:\/\/mformas3d.com.br\/site\/?post_type=product&#038;p=3642"},"modified":"2024-01-02T22:02:12","modified_gmt":"2024-01-02T22:02:12","slug":"caixa-para-roscas-usada-em-maquinas-de-salgados","status":"publish","type":"product","link":"https:\/\/mformas3d.com.br\/site\/produto\/caixa-para-roscas-usada-em-maquinas-de-salgados\/","title":{"rendered":"Caixa para roscas usada em maquinas de salgados"},"content":{"rendered":"","protected":false},"excerpt":{"rendered":"<p>Caixa grande para roscas de maquina de salgados<\/p>\n<p>Pe\u00e7a ideal para maquinas de salgado feita em impress\u00e3o 3d.<\/p>\n<p>Para roscas com di\u00e2metro de 54mm<\/p>\n<p>Pe\u00e7a de \u00f3tima qualidade feita em plastico n\u00e3o toxico.<\/p>\n<p>Para roscas com comprimento de 240mm e 350mm<\/p>\n","protected":false},"featured_media":3643,"comment_status":"open","ping_status":"closed","template":"","meta":{"site-sidebar-layout":"default","site-content-layout":"default","ast-global-header-display":"","ast-main-header-display":"","ast-hfb-above-header-display":"","ast-hfb-below-header-display":"","ast-hfb-mobile-header-display":"","site-post-title":"","ast-breadcrumbs-content":"","ast-featured-img":"","footer-sml-layout":"","theme-transparent-header-meta":"default","adv-header-id-meta":"","stick-header-meta":"","header-above-stick-meta":"","header-main-stick-meta":"","header-below-stick-meta":""},"product_brand":[],"product_cat":[166],"product_tag":[168,171,170,176,177],"class_list":{"0":"post-3642","1":"product","2":"type-product","3":"status-publish","4":"has-post-thumbnail","6":"product_cat-pecas-para-maquina-de-salgado","7":"product_tag-acessorios-para-maquina-de-salgados","8":"product_tag-caixa-grande-para-maquina-de-fazer-coxinha","9":"product_tag-caixa-grande-para-maquina-de-salgado","10":"product_tag-coxinha","11":"product_tag-maquina-de-coxinha","12":"desktop-align-left","13":"tablet-align-left","14":"mobile-align-left","16":"first","17":"instock","18":"taxable","19":"shipping-taxable","20":"purchasable","21":"product-type-simple"},"_links":{"self":[{"href":"https:\/\/mformas3d.com.br\/site\/wp-json\/wp\/v2\/product\/3642","targetHints":{"allow":["GET"]}}],"collection":[{"href":"https:\/\/mformas3d.com.br\/site\/wp-json\/wp\/v2\/product"}],"about":[{"href":"https:\/\/mformas3d.com.br\/site\/wp-json\/wp\/v2\/types\/product"}],"replies":[{"embeddable":true,"href":"https:\/\/mformas3d.com.br\/site\/wp-json\/wp\/v2\/comments?post=3642"}],"version-history":[{"count":1,"href":"https:\/\/mformas3d.com.br\/site\/wp-json\/wp\/v2\/product\/3642\/revisions"}],"predecessor-version":[{"id":3648,"href":"https:\/\/mformas3d.com.br\/site\/wp-json\/wp\/v2\/product\/3642\/revisions\/3648"}],"wp:featuredmedia":[{"embeddable":true,"href":"https:\/\/mformas3d.com.br\/site\/wp-json\/wp\/v2\/media\/3643"}],"wp:attachment":[{"href":"https:\/\/mformas3d.com.br\/site\/wp-json\/wp\/v2\/media?parent=3642"}],"wp:term":[{"taxonomy":"product_brand","embeddable":true,"href":"https:\/\/mformas3d.com.br\/site\/wp-json\/wp\/v2\/product_brand?post=3642"},{"taxonomy":"product_cat","embeddable":true,"href":"https:\/\/mformas3d.com.br\/site\/wp-json\/wp\/v2\/product_cat?post=3642"},{"taxonomy":"product_tag","embeddable":true,"href":"https:\/\/mformas3d.com.br\/site\/wp-json\/wp\/v2\/product_tag?post=3642"}],"curies":[{"name":"wp","href":"https:\/\/api.w.org\/{rel}","templated":true}]}}