{"id":3671,"date":"2022-12-20T22:49:04","date_gmt":"2022-12-20T22:49:04","guid":{"rendered":"https:\/\/mformas3d.com.br\/site\/?post_type=product&#038;p=3671"},"modified":"2024-01-02T22:02:12","modified_gmt":"2024-01-02T22:02:12","slug":"misturador-para-maquina-de-salgados","status":"publish","type":"product","link":"https:\/\/mformas3d.com.br\/site\/produto\/misturador-para-maquina-de-salgados\/","title":{"rendered":"Misturador para maquina de salgados"},"content":{"rendered":"<p><img loading=\"lazy\" decoding=\"async\" class=\"alignnone size-medium wp-image-3748\" src=\"http:\/\/mformas3d.com.br\/site\/wp-content\/uploads\/2022\/12\/IMG-20231213-WA00582-300x199.jpg\" alt=\"\" width=\"300\" height=\"199\" srcset=\"https:\/\/mformas3d.com.br\/site\/wp-content\/uploads\/2022\/12\/IMG-20231213-WA00582-300x199.jpg 300w, https:\/\/mformas3d.com.br\/site\/wp-content\/uploads\/2022\/12\/IMG-20231213-WA00582-600x397.jpg 600w, https:\/\/mformas3d.com.br\/site\/wp-content\/uploads\/2022\/12\/IMG-20231213-WA00582.jpg 699w\" sizes=\"auto, (max-width: 300px) 100vw, 300px\" \/><\/p>\n","protected":false},"excerpt":{"rendered":"<p>Pe\u00e7a com bom acabamento id\u00eantica a original encaixe perfeito e \u00f3tima qualidade.<br \/>\nPara encaixe nas maquinas de salgado.<\/p>\n","protected":false},"featured_media":3672,"comment_status":"open","ping_status":"closed","template":"","meta":{"site-sidebar-layout":"default","site-content-layout":"default","ast-global-header-display":"","ast-main-header-display":"","ast-hfb-above-header-display":"","ast-hfb-below-header-display":"","ast-hfb-mobile-header-display":"","site-post-title":"","ast-breadcrumbs-content":"","ast-featured-img":"","footer-sml-layout":"","theme-transparent-header-meta":"default","adv-header-id-meta":"","stick-header-meta":"","header-above-stick-meta":"","header-main-stick-meta":"","header-below-stick-meta":""},"product_brand":[],"product_cat":[166],"product_tag":[168,167,179,180],"class_list":{"0":"post-3671","1":"product","2":"type-product","3":"status-publish","4":"has-post-thumbnail","6":"product_cat-pecas-para-maquina-de-salgado","7":"product_tag-acessorios-para-maquina-de-salgados","8":"product_tag-maquina-de-salgados","9":"product_tag-misturador-para-maquina-de-salgados","10":"product_tag-salgados","11":"desktop-align-left","12":"tablet-align-left","13":"mobile-align-left","15":"first","16":"instock","17":"taxable","18":"shipping-taxable","19":"purchasable","20":"product-type-simple"},"_links":{"self":[{"href":"https:\/\/mformas3d.com.br\/site\/wp-json\/wp\/v2\/product\/3671","targetHints":{"allow":["GET"]}}],"collection":[{"href":"https:\/\/mformas3d.com.br\/site\/wp-json\/wp\/v2\/product"}],"about":[{"href":"https:\/\/mformas3d.com.br\/site\/wp-json\/wp\/v2\/types\/product"}],"replies":[{"embeddable":true,"href":"https:\/\/mformas3d.com.br\/site\/wp-json\/wp\/v2\/comments?post=3671"}],"version-history":[{"count":3,"href":"https:\/\/mformas3d.com.br\/site\/wp-json\/wp\/v2\/product\/3671\/revisions"}],"predecessor-version":[{"id":3750,"href":"https:\/\/mformas3d.com.br\/site\/wp-json\/wp\/v2\/product\/3671\/revisions\/3750"}],"wp:featuredmedia":[{"embeddable":true,"href":"https:\/\/mformas3d.com.br\/site\/wp-json\/wp\/v2\/media\/3672"}],"wp:attachment":[{"href":"https:\/\/mformas3d.com.br\/site\/wp-json\/wp\/v2\/media?parent=3671"}],"wp:term":[{"taxonomy":"product_brand","embeddable":true,"href":"https:\/\/mformas3d.com.br\/site\/wp-json\/wp\/v2\/product_brand?post=3671"},{"taxonomy":"product_cat","embeddable":true,"href":"https:\/\/mformas3d.com.br\/site\/wp-json\/wp\/v2\/product_cat?post=3671"},{"taxonomy":"product_tag","embeddable":true,"href":"https:\/\/mformas3d.com.br\/site\/wp-json\/wp\/v2\/product_tag?post=3671"}],"curies":[{"name":"wp","href":"https:\/\/api.w.org\/{rel}","templated":true}]}}