{"id":3707,"date":"2023-07-25T13:09:21","date_gmt":"2023-07-25T13:09:21","guid":{"rendered":"https:\/\/mformas3d.com.br\/site\/?post_type=product&#038;p=3707"},"modified":"2024-01-02T22:02:12","modified_gmt":"2024-01-02T22:02:12","slug":"moldura-para-botoes-que-substitui-o-cinzeiro-usada-em-painel-din2","status":"publish","type":"product","link":"https:\/\/mformas3d.com.br\/site\/produto\/moldura-para-botoes-que-substitui-o-cinzeiro-usada-em-painel-din2\/","title":{"rendered":"Moldura para bot\u00f5es que substitui o cinzeiro, usada em painel din2"},"content":{"rendered":"<p>Moldura para bot\u00f5es que substitui o cinzeiro, usada em painel din2<\/p>\n<ol>\n<li>Pe\u00e7a feita em ABS impress\u00e3o 3D<\/li>\n<li>Pe\u00e7a com tomada USB\u00a0 RS189,00<\/li>\n<li>Pe\u00e7a sem tomada USB RS149,00<\/li>\n<\/ol>\n","protected":false},"excerpt":{"rendered":"<p>Moldura para bot\u00f5es que substitui o cinzeiro, usada em painel din2 Pe\u00e7a feita em ABS impress\u00e3o 3D Pe\u00e7a com tomada USB\u00a0 RS189,00 Pe\u00e7a sem tomada USB RS149,00<\/p>\n","protected":false},"featured_media":3710,"comment_status":"open","ping_status":"closed","template":"","meta":{"site-sidebar-layout":"default","site-content-layout":"default","ast-global-header-display":"","ast-main-header-display":"","ast-hfb-above-header-display":"","ast-hfb-below-header-display":"","ast-hfb-mobile-header-display":"","site-post-title":"","ast-breadcrumbs-content":"","ast-featured-img":"","footer-sml-layout":"","theme-transparent-header-meta":"default","adv-header-id-meta":"","stick-header-meta":"","header-above-stick-meta":"","header-main-stick-meta":"","header-below-stick-meta":""},"product_brand":[],"product_cat":[35],"product_tag":[181,182,96],"class_list":{"0":"post-3707","1":"product","2":"type-product","3":"status-publish","4":"has-post-thumbnail","6":"product_cat-pecas-automotivas","7":"product_tag-moldura-para-cinzeiro","8":"product_tag-pecas-de-vectra","9":"product_tag-pecas-de-carro","10":"desktop-align-left","11":"tablet-align-left","12":"mobile-align-left","14":"first","15":"instock","16":"taxable","17":"shipping-taxable","18":"purchasable","19":"product-type-simple"},"_links":{"self":[{"href":"https:\/\/mformas3d.com.br\/site\/wp-json\/wp\/v2\/product\/3707","targetHints":{"allow":["GET"]}}],"collection":[{"href":"https:\/\/mformas3d.com.br\/site\/wp-json\/wp\/v2\/product"}],"about":[{"href":"https:\/\/mformas3d.com.br\/site\/wp-json\/wp\/v2\/types\/product"}],"replies":[{"embeddable":true,"href":"https:\/\/mformas3d.com.br\/site\/wp-json\/wp\/v2\/comments?post=3707"}],"version-history":[{"count":1,"href":"https:\/\/mformas3d.com.br\/site\/wp-json\/wp\/v2\/product\/3707\/revisions"}],"predecessor-version":[{"id":3716,"href":"https:\/\/mformas3d.com.br\/site\/wp-json\/wp\/v2\/product\/3707\/revisions\/3716"}],"wp:featuredmedia":[{"embeddable":true,"href":"https:\/\/mformas3d.com.br\/site\/wp-json\/wp\/v2\/media\/3710"}],"wp:attachment":[{"href":"https:\/\/mformas3d.com.br\/site\/wp-json\/wp\/v2\/media?parent=3707"}],"wp:term":[{"taxonomy":"product_brand","embeddable":true,"href":"https:\/\/mformas3d.com.br\/site\/wp-json\/wp\/v2\/product_brand?post=3707"},{"taxonomy":"product_cat","embeddable":true,"href":"https:\/\/mformas3d.com.br\/site\/wp-json\/wp\/v2\/product_cat?post=3707"},{"taxonomy":"product_tag","embeddable":true,"href":"https:\/\/mformas3d.com.br\/site\/wp-json\/wp\/v2\/product_tag?post=3707"}],"curies":[{"name":"wp","href":"https:\/\/api.w.org\/{rel}","templated":true}]}}